{"id":705,"date":"2024-05-10T17:29:16","date_gmt":"2024-05-10T20:29:16","guid":{"rendered":"https:\/\/dantepinturerias.com\/international\/producto\/interline-925\/"},"modified":"2024-06-21T22:33:04","modified_gmt":"2024-06-22T01:33:04","slug":"interline-925","status":"publish","type":"product","link":"https:\/\/dantepinturerias.com\/international\/producto\/interline-925\/","title":{"rendered":"Interline 925"},"content":{"rendered":"<h3>Caracter\u00edsticas<\/h3>\n<table>\n<tr>\n<td>Qu\u00edmica del Producto<\/td>\n<td>Epoxy<\/td>\n<\/tr>\n<tr>\n<td>S\u00f3lidos de Volumen<\/td>\n<td>100<\/td>\n<\/tr>\n<tr>\n<td>Contenido VOC (m\u00e9todo EPA)<\/td>\n<td>125 g\/lt<\/td>\n<\/tr>\n<tr>\n<td>Opciones de Color<\/td>\n<td>Limited range<\/td>\n<\/tr>\n<tr>\n<td>Espesor m\u00e1ximo de pel\u00edcula seca<\/td>\n<td>600<\/td>\n<\/tr>\n<tr>\n<td>Espesor m\u00ednimo de pel\u00edcula seca<\/td>\n<td>300<\/td>\n<\/tr>\n<tr>\n<td>N\u00famero de componentes<\/td>\n<td>Multi Pack<\/td>\n<\/tr>\n<tr>\n<td>Attributes<\/td>\n<td>Solvent Free<\/td>\n<\/tr>\n<\/table>\n","protected":false},"excerpt":{"rendered":"<p>Las excelentes propiedades de relleno de fosas y cobertura de bordes de Interline 925 garantizan una cobertura total del tanque en una sola capa, mejorando los tiempos de respuesta del tanque. Con un amplio historial de rendimiento excepcional a nivel mundial, Interline 925 es un revestimiento ep\u00f3xico de alta resistencia sin disolventes que proporciona una excelente protecci\u00f3n contra la corrosi\u00f3n para el interior de tanques de almacenamiento de acero que contienen una amplia gama de productos, como petr\u00f3leo crudo, aceites blancos y agua potable. <a href=\"https:\/\/international.brand.akzonobel.com\/m\/7af556fc2821540b\/original\/Interline_925_spa_A4_20201217.pdf\" target=\"_blank\" class=\"btFicha\" download rel=\"noopener\">Ver Ficha T\u00e9cnica<\/a><\/p>\n","protected":false},"featured_media":706,"template":"","meta":[],"product_cat":[22],"product_tag":[],"class_list":{"0":"post-705","1":"product","2":"type-product","3":"status-publish","4":"has-post-thumbnail","6":"product_cat-revestimiento","8":"first","9":"instock","10":"purchasable","11":"product-type-simple"},"_links":{"self":[{"href":"https:\/\/dantepinturerias.com\/international\/wp-json\/wp\/v2\/product\/705","targetHints":{"allow":["GET"]}}],"collection":[{"href":"https:\/\/dantepinturerias.com\/international\/wp-json\/wp\/v2\/product"}],"about":[{"href":"https:\/\/dantepinturerias.com\/international\/wp-json\/wp\/v2\/types\/product"}],"wp:featuredmedia":[{"embeddable":true,"href":"https:\/\/dantepinturerias.com\/international\/wp-json\/wp\/v2\/media\/706"}],"wp:attachment":[{"href":"https:\/\/dantepinturerias.com\/international\/wp-json\/wp\/v2\/media?parent=705"}],"wp:term":[{"taxonomy":"product_cat","embeddable":true,"href":"https:\/\/dantepinturerias.com\/international\/wp-json\/wp\/v2\/product_cat?post=705"},{"taxonomy":"product_tag","embeddable":true,"href":"https:\/\/dantepinturerias.com\/international\/wp-json\/wp\/v2\/product_tag?post=705"}],"curies":[{"name":"wp","href":"https:\/\/api.w.org\/{rel}","templated":true}]}}