{"id":719,"date":"2024-05-10T17:30:27","date_gmt":"2024-05-10T20:30:27","guid":{"rendered":"https:\/\/dantepinturerias.com\/international\/producto\/interline-850\/"},"modified":"2024-06-21T22:30:31","modified_gmt":"2024-06-22T01:30:31","slug":"interline-850","status":"publish","type":"product","link":"https:\/\/dantepinturerias.com\/international\/producto\/interline-850\/","title":{"rendered":"Interline 850"},"content":{"rendered":"<h3>Caracter\u00edsticas<\/h3>\n<table>\n<tr>\n<td>Qu\u00edmica del Producto<\/td>\n<td>Epoxy Phenolic<\/td>\n<\/tr>\n<tr>\n<td>S\u00f3lidos de Volumen<\/td>\n<td>76<\/td>\n<\/tr>\n<tr>\n<td>Contenido VOC (m\u00e9todo EPA)<\/td>\n<td>225 g\/lt<\/td>\n<\/tr>\n<tr>\n<td>Opciones de Color<\/td>\n<td>White,Grey<\/td>\n<\/tr>\n<tr>\n<td>Espesor m\u00e1ximo de pel\u00edcula seca<\/td>\n<td>150<\/td>\n<\/tr>\n<tr>\n<td>Espesor m\u00ednimo de pel\u00edcula seca<\/td>\n<td>100<\/td>\n<\/tr>\n<tr>\n<td>N\u00famero de componentes<\/td>\n<td>Multi Pack<\/td>\n<\/tr>\n<\/table>\n","protected":false},"excerpt":{"rendered":"<p>Interline 850, un revestimiento vers\u00e1til de tanque ep\u00f3xico fen\u00f3lico de pel\u00edcula delgada con un intervalo de repintado extendido de hasta 30 d\u00edas, ampl\u00eda sus opciones al programar el mantenimiento. Se puede usar directamente sobre metal, como imprimador y capa de construcci\u00f3n en un sistema, y \u200b\u200bcon los tanques volviendo a funcionar en tan solo cinco d\u00edas, Interline 850 puede mejorar a\u00fan m\u00e1s el cronograma. <a href=\"https:\/\/international.brand.akzonobel.com\/m\/673006fbf199cfb\/original\/Interline_850_spa_A4_20230117.pdf\" target=\"_blank\" class=\"btFicha\" download rel=\"noopener\">Ver Ficha T\u00e9cnica<\/a><\/p>\n","protected":false},"featured_media":720,"template":"","meta":[],"product_cat":[22],"product_tag":[],"class_list":{"0":"post-719","1":"product","2":"type-product","3":"status-publish","4":"has-post-thumbnail","6":"product_cat-revestimiento","8":"first","9":"instock","10":"purchasable","11":"product-type-simple"},"_links":{"self":[{"href":"https:\/\/dantepinturerias.com\/international\/wp-json\/wp\/v2\/product\/719","targetHints":{"allow":["GET"]}}],"collection":[{"href":"https:\/\/dantepinturerias.com\/international\/wp-json\/wp\/v2\/product"}],"about":[{"href":"https:\/\/dantepinturerias.com\/international\/wp-json\/wp\/v2\/types\/product"}],"wp:featuredmedia":[{"embeddable":true,"href":"https:\/\/dantepinturerias.com\/international\/wp-json\/wp\/v2\/media\/720"}],"wp:attachment":[{"href":"https:\/\/dantepinturerias.com\/international\/wp-json\/wp\/v2\/media?parent=719"}],"wp:term":[{"taxonomy":"product_cat","embeddable":true,"href":"https:\/\/dantepinturerias.com\/international\/wp-json\/wp\/v2\/product_cat?post=719"},{"taxonomy":"product_tag","embeddable":true,"href":"https:\/\/dantepinturerias.com\/international\/wp-json\/wp\/v2\/product_tag?post=719"}],"curies":[{"name":"wp","href":"https:\/\/api.w.org\/{rel}","templated":true}]}}