{"id":731,"date":"2024-05-10T17:31:16","date_gmt":"2024-05-10T20:31:16","guid":{"rendered":"https:\/\/dantepinturerias.com\/international\/producto\/chartek-1620csp\/"},"modified":"2024-06-21T22:30:30","modified_gmt":"2024-06-22T01:30:30","slug":"chartek-1620csp","status":"publish","type":"product","link":"https:\/\/dantepinturerias.com\/international\/producto\/chartek-1620csp\/","title":{"rendered":"Chartek 1620CSP"},"content":{"rendered":"<h3>Caracter\u00edsticas<\/h3>\n<table>\n<tr>\n<td>Qu\u00edmica del Producto<\/td>\n<td>Cold Spill Protection<\/td>\n<\/tr>\n<tr>\n<td>S\u00f3lidos de Volumen<\/td>\n<td>100<\/td>\n<\/tr>\n<tr>\n<td>Contenido VOC (m\u00e9todo EPA)<\/td>\n<td>0 g\/lt<\/td>\n<\/tr>\n<tr>\n<td>Opciones de Color<\/td>\n<td>Buff<\/td>\n<\/tr>\n<tr>\n<td>N\u00famero de componentes<\/td>\n<td>Multi Pack<\/td>\n<\/tr>\n<tr>\n<td>Attributes<\/td>\n<td>Solvent Free<\/td>\n<\/tr>\n<\/table>\n","protected":false},"excerpt":{"rendered":"<p>Chartek 1620CSP es un material intumescente \u00fanico que proporciona protecci\u00f3n y aislamiento combinados contra incendios de hidrocarburos cuando se expone a l\u00edquidos criog\u00e9nicos. Chartek 1620CSP, un epoxi de dos componentes, sin solventes y de alto espesor, tambi\u00e9n proporciona una excelente protecci\u00f3n contra la corrosi\u00f3n y resistencia a explosiones. * Tenga en cuenta que este producto solo est\u00e1 disponible en Norteam\u00e9rica.<\/p>\n","protected":false},"featured_media":732,"template":"","meta":[],"product_cat":[23],"product_tag":[],"class_list":{"0":"post-731","1":"product","2":"type-product","3":"status-publish","4":"has-post-thumbnail","6":"product_cat-proteccion-pasiva-contra-incendios","8":"first","9":"instock","10":"purchasable","11":"product-type-simple"},"_links":{"self":[{"href":"https:\/\/dantepinturerias.com\/international\/wp-json\/wp\/v2\/product\/731","targetHints":{"allow":["GET"]}}],"collection":[{"href":"https:\/\/dantepinturerias.com\/international\/wp-json\/wp\/v2\/product"}],"about":[{"href":"https:\/\/dantepinturerias.com\/international\/wp-json\/wp\/v2\/types\/product"}],"wp:featuredmedia":[{"embeddable":true,"href":"https:\/\/dantepinturerias.com\/international\/wp-json\/wp\/v2\/media\/732"}],"wp:attachment":[{"href":"https:\/\/dantepinturerias.com\/international\/wp-json\/wp\/v2\/media?parent=731"}],"wp:term":[{"taxonomy":"product_cat","embeddable":true,"href":"https:\/\/dantepinturerias.com\/international\/wp-json\/wp\/v2\/product_cat?post=731"},{"taxonomy":"product_tag","embeddable":true,"href":"https:\/\/dantepinturerias.com\/international\/wp-json\/wp\/v2\/product_tag?post=731"}],"curies":[{"name":"wp","href":"https:\/\/api.w.org\/{rel}","templated":true}]}}