{"id":733,"date":"2024-05-10T17:31:16","date_gmt":"2024-05-10T20:31:16","guid":{"rendered":"https:\/\/dantepinturerias.com\/international\/producto\/interchar-973\/"},"modified":"2024-06-21T22:30:30","modified_gmt":"2024-06-22T01:30:30","slug":"interchar-973","status":"publish","type":"product","link":"https:\/\/dantepinturerias.com\/international\/producto\/interchar-973\/","title":{"rendered":"Interchar 973"},"content":{"rendered":"<h3>Caracter\u00edsticas<\/h3>\n<table>\n<tr>\n<td>Qu\u00edmica del Producto<\/td>\n<td>Acrylic Intumescent<\/td>\n<\/tr>\n<tr>\n<td>S\u00f3lidos de Volumen<\/td>\n<td>70<\/td>\n<\/tr>\n<tr>\n<td>Contenido VOC (m\u00e9todo EPA)<\/td>\n<td>340 g\/lt<\/td>\n<\/tr>\n<tr>\n<td>Opciones de Color<\/td>\n<td>White,Pail Grey<\/td>\n<\/tr>\n<tr>\n<td>Espesor m\u00e1ximo de pel\u00edcula seca<\/td>\n<td>700<\/td>\n<\/tr>\n<tr>\n<td>Espesor m\u00ednimo de pel\u00edcula seca<\/td>\n<td>300<\/td>\n<\/tr>\n<tr>\n<td>N\u00famero de componentes<\/td>\n<td>Single Pack<\/td>\n<\/tr>\n<\/table>\n","protected":false},"excerpt":{"rendered":"<p>Un recubrimiento intumescente de un solo componente, a base de solvente y con alto contenido de s\u00f3lidos, probado de forma independiente para evaluar el desempe\u00f1o de protecci\u00f3n contra incendios en estructuras de acero de acuerdo con una variedad de est\u00e1ndares. <a href=\"https:\/\/international.brand.akzonobel.com\/m\/505482bd61d43eec\/original\/Interchar_973_spa_usa_LTR_20200309.pdf\" target=\"_blank\" class=\"btFicha\" download rel=\"noopener\">Ver Ficha T\u00e9cnica<\/a><\/p>\n","protected":false},"featured_media":734,"template":"","meta":[],"product_cat":[23],"product_tag":[],"class_list":{"0":"post-733","1":"product","2":"type-product","3":"status-publish","4":"has-post-thumbnail","6":"product_cat-proteccion-pasiva-contra-incendios","8":"first","9":"instock","10":"purchasable","11":"product-type-simple"},"_links":{"self":[{"href":"https:\/\/dantepinturerias.com\/international\/wp-json\/wp\/v2\/product\/733","targetHints":{"allow":["GET"]}}],"collection":[{"href":"https:\/\/dantepinturerias.com\/international\/wp-json\/wp\/v2\/product"}],"about":[{"href":"https:\/\/dantepinturerias.com\/international\/wp-json\/wp\/v2\/types\/product"}],"wp:featuredmedia":[{"embeddable":true,"href":"https:\/\/dantepinturerias.com\/international\/wp-json\/wp\/v2\/media\/734"}],"wp:attachment":[{"href":"https:\/\/dantepinturerias.com\/international\/wp-json\/wp\/v2\/media?parent=733"}],"wp:term":[{"taxonomy":"product_cat","embeddable":true,"href":"https:\/\/dantepinturerias.com\/international\/wp-json\/wp\/v2\/product_cat?post=733"},{"taxonomy":"product_tag","embeddable":true,"href":"https:\/\/dantepinturerias.com\/international\/wp-json\/wp\/v2\/product_tag?post=733"}],"curies":[{"name":"wp","href":"https:\/\/api.w.org\/{rel}","templated":true}]}}