{"id":741,"date":"2024-05-10T17:32:02","date_gmt":"2024-05-10T20:32:02","guid":{"rendered":"https:\/\/dantepinturerias.com\/international\/producto\/interchar-3120\/"},"modified":"2024-06-21T22:30:29","modified_gmt":"2024-06-22T01:30:29","slug":"interchar-3120","status":"publish","type":"product","link":"https:\/\/dantepinturerias.com\/international\/producto\/interchar-3120\/","title":{"rendered":"Interchar 3120"},"content":{"rendered":"<h3>Caracter\u00edsticas<\/h3>\n<table>\n<tr>\n<td>Qu\u00edmica del Producto<\/td>\n<td>Modified Epoxy Intumescent<\/td>\n<\/tr>\n<tr>\n<td>S\u00f3lidos de Volumen<\/td>\n<td>100<\/td>\n<\/tr>\n<tr>\n<td>Contenido VOC (m\u00e9todo EPA)<\/td>\n<td>21 g\/lt<\/td>\n<\/tr>\n<tr>\n<td>Opciones de Color<\/td>\n<td>Light Grey<\/td>\n<\/tr>\n<tr>\n<td>N\u00famero de componentes<\/td>\n<td>Multi Pack<\/td>\n<\/tr>\n<\/table>\n","protected":false},"excerpt":{"rendered":"<p>Interchar 3120 proporciona capacidades de pel\u00edcula delgada y gruesa, un recubrimiento ep\u00f3xico intumescente duradero y f\u00e1cil de aplicar que proporciona protecci\u00f3n pasiva contra incendios celul\u00f3sica (PFP) para acero estructural aplicado fuera del sitio. Aumenta la eficiencia de la producci\u00f3n, reduce el trabajo en obra y los cronogramas de recubrimiento. <a href=\"https:\/\/international.brand.akzonobel.com\/m\/720c8630c439766b\/original\/Interchar_3120_spa_A4_20220906.pdf\" target=\"_blank\" class=\"btFicha\" download rel=\"noopener\">Ver Ficha T\u00e9cnica<\/a><\/p>\n","protected":false},"featured_media":742,"template":"","meta":[],"product_cat":[23],"product_tag":[],"class_list":{"0":"post-741","1":"product","2":"type-product","3":"status-publish","4":"has-post-thumbnail","6":"product_cat-proteccion-pasiva-contra-incendios","8":"first","9":"instock","10":"purchasable","11":"product-type-simple"},"_links":{"self":[{"href":"https:\/\/dantepinturerias.com\/international\/wp-json\/wp\/v2\/product\/741","targetHints":{"allow":["GET"]}}],"collection":[{"href":"https:\/\/dantepinturerias.com\/international\/wp-json\/wp\/v2\/product"}],"about":[{"href":"https:\/\/dantepinturerias.com\/international\/wp-json\/wp\/v2\/types\/product"}],"wp:featuredmedia":[{"embeddable":true,"href":"https:\/\/dantepinturerias.com\/international\/wp-json\/wp\/v2\/media\/742"}],"wp:attachment":[{"href":"https:\/\/dantepinturerias.com\/international\/wp-json\/wp\/v2\/media?parent=741"}],"wp:term":[{"taxonomy":"product_cat","embeddable":true,"href":"https:\/\/dantepinturerias.com\/international\/wp-json\/wp\/v2\/product_cat?post=741"},{"taxonomy":"product_tag","embeddable":true,"href":"https:\/\/dantepinturerias.com\/international\/wp-json\/wp\/v2\/product_tag?post=741"}],"curies":[{"name":"wp","href":"https:\/\/api.w.org\/{rel}","templated":true}]}}