{"id":749,"date":"2024-05-10T17:33:07","date_gmt":"2024-05-10T20:33:07","guid":{"rendered":"https:\/\/dantepinturerias.com\/international\/producto\/interchar-1190\/"},"modified":"2024-06-21T22:30:27","modified_gmt":"2024-06-22T01:30:27","slug":"interchar-1190","status":"publish","type":"product","link":"https:\/\/dantepinturerias.com\/international\/producto\/interchar-1190\/","title":{"rendered":"Interchar 1190"},"content":{"rendered":"<h3>Caracter\u00edsticas<\/h3>\n<table>\n<tr>\n<td>Qu\u00edmica del Producto<\/td>\n<td>Water Borne Intumescent Coating<\/td>\n<\/tr>\n<tr>\n<td>S\u00f3lidos de Volumen<\/td>\n<td>69<\/td>\n<\/tr>\n<tr>\n<td>Contenido VOC (m\u00e9todo EPA)<\/td>\n<td>33 g\/lt<\/td>\n<\/tr>\n<tr>\n<td>Opciones de Color<\/td>\n<td>White<\/td>\n<\/tr>\n<tr>\n<td>Espesor m\u00e1ximo de pel\u00edcula seca<\/td>\n<td>700<\/td>\n<\/tr>\n<tr>\n<td>Espesor m\u00ednimo de pel\u00edcula seca<\/td>\n<td>250<\/td>\n<\/tr>\n<tr>\n<td>N\u00famero de componentes<\/td>\n<td>Single Pack<\/td>\n<\/tr>\n<tr>\n<td>Attributes<\/td>\n<td>Solvent Free<\/td>\n<\/tr>\n<\/table>\n","protected":false},"excerpt":{"rendered":"<p>Interchar 1190 es un recubrimiento intumescente a base de agua de un solo componente y bajo VOC, dise\u00f1ado para aplicaci\u00f3n en sitio. Probado y aprobado seg\u00fan los m\u00e1s altos est\u00e1ndares, la pel\u00edcula delgada Interchar 1190 proporciona hasta dos horas de protecci\u00f3n contra incendios al acero estructural expuesto en el interior, manteniendo al mismo tiempo la est\u00e9tica arquitect\u00f3nica. <a href=\"https:\/\/international.brand.akzonobel.com\/m\/49f2679066f3121b\/original\/Interchar_1190_spa_usa_LTR_20200309.pdf\" target=\"_blank\" class=\"btFicha\" download rel=\"noopener\">Ver Ficha T\u00e9cnica<\/a><\/p>\n","protected":false},"featured_media":750,"template":"","meta":[],"product_cat":[23],"product_tag":[],"class_list":{"0":"post-749","1":"product","2":"type-product","3":"status-publish","4":"has-post-thumbnail","6":"product_cat-proteccion-pasiva-contra-incendios","8":"first","9":"instock","10":"purchasable","11":"product-type-simple"},"_links":{"self":[{"href":"https:\/\/dantepinturerias.com\/international\/wp-json\/wp\/v2\/product\/749","targetHints":{"allow":["GET"]}}],"collection":[{"href":"https:\/\/dantepinturerias.com\/international\/wp-json\/wp\/v2\/product"}],"about":[{"href":"https:\/\/dantepinturerias.com\/international\/wp-json\/wp\/v2\/types\/product"}],"wp:featuredmedia":[{"embeddable":true,"href":"https:\/\/dantepinturerias.com\/international\/wp-json\/wp\/v2\/media\/750"}],"wp:attachment":[{"href":"https:\/\/dantepinturerias.com\/international\/wp-json\/wp\/v2\/media?parent=749"}],"wp:term":[{"taxonomy":"product_cat","embeddable":true,"href":"https:\/\/dantepinturerias.com\/international\/wp-json\/wp\/v2\/product_cat?post=749"},{"taxonomy":"product_tag","embeddable":true,"href":"https:\/\/dantepinturerias.com\/international\/wp-json\/wp\/v2\/product_tag?post=749"}],"curies":[{"name":"wp","href":"https:\/\/api.w.org\/{rel}","templated":true}]}}