{"id":755,"date":"2024-05-10T17:33:07","date_gmt":"2024-05-10T20:33:07","guid":{"rendered":"https:\/\/dantepinturerias.com\/international\/producto\/chartek-1960-csp\/"},"modified":"2024-06-21T22:30:27","modified_gmt":"2024-06-22T01:30:27","slug":"chartek-1960-csp","status":"publish","type":"product","link":"https:\/\/dantepinturerias.com\/international\/producto\/chartek-1960-csp\/","title":{"rendered":"Chartek 1960 CSP"},"content":{"rendered":"<h3>Caracter\u00edsticas<\/h3>\n<table>\n<tr>\n<td>Qu\u00edmica del Producto<\/td>\n<td>Cold Spill Protection<\/td>\n<\/tr>\n<tr>\n<td>S\u00f3lidos de Volumen<\/td>\n<td>100<\/td>\n<\/tr>\n<tr>\n<td>Contenido VOC (m\u00e9todo EPA)<\/td>\n<td>0 g\/lt<\/td>\n<\/tr>\n<tr>\n<td>Opciones de Color<\/td>\n<td>Buff<\/td>\n<\/tr>\n<tr>\n<td>N\u00famero de componentes<\/td>\n<td>Multi Pack<\/td>\n<\/tr>\n<tr>\n<td>Attributes<\/td>\n<td>Solvent Free<\/td>\n<\/tr>\n<\/table>\n","protected":false},"excerpt":{"rendered":"<p>Chartek 1960CSP es un material intumescente \u00fanico que proporciona protecci\u00f3n combinada contra incendios de hidrocarburos y aislamiento contra la exposici\u00f3n a l\u00edquidos criog\u00e9nicos. Chartek 1960CSP, un material ep\u00f3xico de dos componentes, de alto espesor y sin disolventes, tambi\u00e9n proporciona una excelente protecci\u00f3n contra la corrosi\u00f3n y resistencia a explosiones <a href=\"https:\/\/international.brand.akzonobel.com\/m\/4f14a8abf6bef67e\/original\/Chartek_1960CSP_eng_A4_20240311.pdf\" target=\"_blank\" class=\"btFicha\" download rel=\"noopener\">Ver Ficha T\u00e9cnica<\/a><\/p>\n","protected":false},"featured_media":756,"template":"","meta":[],"product_cat":[23],"product_tag":[],"class_list":{"0":"post-755","1":"product","2":"type-product","3":"status-publish","4":"has-post-thumbnail","6":"product_cat-proteccion-pasiva-contra-incendios","8":"first","9":"instock","10":"purchasable","11":"product-type-simple"},"_links":{"self":[{"href":"https:\/\/dantepinturerias.com\/international\/wp-json\/wp\/v2\/product\/755","targetHints":{"allow":["GET"]}}],"collection":[{"href":"https:\/\/dantepinturerias.com\/international\/wp-json\/wp\/v2\/product"}],"about":[{"href":"https:\/\/dantepinturerias.com\/international\/wp-json\/wp\/v2\/types\/product"}],"wp:featuredmedia":[{"embeddable":true,"href":"https:\/\/dantepinturerias.com\/international\/wp-json\/wp\/v2\/media\/756"}],"wp:attachment":[{"href":"https:\/\/dantepinturerias.com\/international\/wp-json\/wp\/v2\/media?parent=755"}],"wp:term":[{"taxonomy":"product_cat","embeddable":true,"href":"https:\/\/dantepinturerias.com\/international\/wp-json\/wp\/v2\/product_cat?post=755"},{"taxonomy":"product_tag","embeddable":true,"href":"https:\/\/dantepinturerias.com\/international\/wp-json\/wp\/v2\/product_tag?post=755"}],"curies":[{"name":"wp","href":"https:\/\/api.w.org\/{rel}","templated":true}]}}