{"id":761,"date":"2024-05-10T17:33:34","date_gmt":"2024-05-10T20:33:34","guid":{"rendered":"https:\/\/dantepinturerias.com\/international\/producto\/chartek-7\/"},"modified":"2024-06-21T22:30:26","modified_gmt":"2024-06-22T01:30:26","slug":"chartek-7","status":"publish","type":"product","link":"https:\/\/dantepinturerias.com\/international\/producto\/chartek-7\/","title":{"rendered":"Chartek 7"},"content":{"rendered":"<h3>Caracter\u00edsticas<\/h3>\n<table>\n<tr>\n<td>Qu\u00edmica del Producto<\/td>\n<td>Epoxy Intumescent<\/td>\n<\/tr>\n<tr>\n<td>S\u00f3lidos de Volumen<\/td>\n<td>100<\/td>\n<\/tr>\n<tr>\n<td>Contenido VOC (m\u00e9todo EPA)<\/td>\n<td>0 g\/lt<\/td>\n<\/tr>\n<tr>\n<td>Opciones de Color<\/td>\n<td>Medium Grey<\/td>\n<\/tr>\n<tr>\n<td>N\u00famero de componentes<\/td>\n<td>Multi Pack<\/td>\n<\/tr>\n<tr>\n<td>Attributes<\/td>\n<td>Solvent Free<\/td>\n<\/tr>\n<\/table>\n","protected":false},"excerpt":{"rendered":"<p>Con un historial incomparable que abarca m\u00e1s de 20 a\u00f1os, Chartek 7 proporciona una protecci\u00f3n excepcional para incendios de piscinas y chorros de larga duraci\u00f3n, y una resistencia comprobada a la corrosi\u00f3n a largo plazo. Es el intumescente epoxi m\u00e1s certificado del mundo y ha protegido m\u00e1s de seis millones de metros cuadrados de acero en todo el mundo <a href=\"https:\/\/international.brand.akzonobel.com\/m\/263798233eb92e65\/original\/Chartek_7_spa_usa_LTR_20211112.pdf\" target=\"_blank\" class=\"btFicha\" download rel=\"noopener\">Ver Ficha T\u00e9cnica<\/a><\/p>\n","protected":false},"featured_media":762,"template":"","meta":[],"product_cat":[23],"product_tag":[],"class_list":{"0":"post-761","1":"product","2":"type-product","3":"status-publish","4":"has-post-thumbnail","6":"product_cat-proteccion-pasiva-contra-incendios","8":"first","9":"instock","10":"purchasable","11":"product-type-simple"},"_links":{"self":[{"href":"https:\/\/dantepinturerias.com\/international\/wp-json\/wp\/v2\/product\/761","targetHints":{"allow":["GET"]}}],"collection":[{"href":"https:\/\/dantepinturerias.com\/international\/wp-json\/wp\/v2\/product"}],"about":[{"href":"https:\/\/dantepinturerias.com\/international\/wp-json\/wp\/v2\/types\/product"}],"wp:featuredmedia":[{"embeddable":true,"href":"https:\/\/dantepinturerias.com\/international\/wp-json\/wp\/v2\/media\/762"}],"wp:attachment":[{"href":"https:\/\/dantepinturerias.com\/international\/wp-json\/wp\/v2\/media?parent=761"}],"wp:term":[{"taxonomy":"product_cat","embeddable":true,"href":"https:\/\/dantepinturerias.com\/international\/wp-json\/wp\/v2\/product_cat?post=761"},{"taxonomy":"product_tag","embeddable":true,"href":"https:\/\/dantepinturerias.com\/international\/wp-json\/wp\/v2\/product_tag?post=761"}],"curies":[{"name":"wp","href":"https:\/\/api.w.org\/{rel}","templated":true}]}}