{"id":769,"date":"2024-05-10T17:34:10","date_gmt":"2024-05-10T20:34:10","guid":{"rendered":"https:\/\/dantepinturerias.com\/international\/producto\/chartek-2218\/"},"modified":"2024-06-21T22:30:24","modified_gmt":"2024-06-22T01:30:24","slug":"chartek-2218","status":"publish","type":"product","link":"https:\/\/dantepinturerias.com\/international\/producto\/chartek-2218\/","title":{"rendered":"Chartek 2218"},"content":{"rendered":"<h3>Caracter\u00edsticas<\/h3>\n<table>\n<tr>\n<td>Qu\u00edmica del Producto<\/td>\n<td>Epoxy Intumescent<\/td>\n<\/tr>\n<tr>\n<td>S\u00f3lidos de Volumen<\/td>\n<td>100<\/td>\n<\/tr>\n<tr>\n<td>Contenido VOC (m\u00e9todo EPA)<\/td>\n<td>3 g\/lt<\/td>\n<\/tr>\n<tr>\n<td>Opciones de Color<\/td>\n<td>Grey<\/td>\n<\/tr>\n<tr>\n<td>N\u00famero de componentes<\/td>\n<td>Multi Pack<\/td>\n<\/tr>\n<tr>\n<td>Attributes<\/td>\n<td>Solvent Free<\/td>\n<\/tr>\n<\/table>\n","protected":false},"excerpt":{"rendered":"<p>Chartek 2218 es nuestro \u00faltimo sistema PFP epoxi para instalaciones que requieren certificaci\u00f3n seg\u00fan el est\u00e1ndar UL 1709. Utilizando tecnolog\u00eda patentada, ofrece nuestro espesor certificado m\u00e1s bajo para incendios de mayor duraci\u00f3n. Chartek 2218 sin boro est\u00e1 certificado para una protecci\u00f3n contra incendios de piscinas de hasta cuatro horas, adem\u00e1s de haber sido probado contra incendios con chorro. La instalaci\u00f3n simplificada y el curado r\u00e1pido \u00fanico, incluso a bajas temperaturas, permiten una aplicaci\u00f3n m\u00e1s r\u00e1pida, mejoran las tasas de producci\u00f3n y reducen los costos generales. <a href=\"https:\/\/international.brand.akzonobel.com\/m\/301f3c782f7497e8\/original\/Chartek_2218_spa_A4_20211126.pdf\" target=\"_blank\" class=\"btFicha\" download rel=\"noopener\">Ver Ficha T\u00e9cnica<\/a><\/p>\n","protected":false},"featured_media":770,"template":"","meta":[],"product_cat":[23],"product_tag":[],"class_list":{"0":"post-769","1":"product","2":"type-product","3":"status-publish","4":"has-post-thumbnail","6":"product_cat-proteccion-pasiva-contra-incendios","8":"first","9":"instock","10":"purchasable","11":"product-type-simple"},"_links":{"self":[{"href":"https:\/\/dantepinturerias.com\/international\/wp-json\/wp\/v2\/product\/769","targetHints":{"allow":["GET"]}}],"collection":[{"href":"https:\/\/dantepinturerias.com\/international\/wp-json\/wp\/v2\/product"}],"about":[{"href":"https:\/\/dantepinturerias.com\/international\/wp-json\/wp\/v2\/types\/product"}],"wp:featuredmedia":[{"embeddable":true,"href":"https:\/\/dantepinturerias.com\/international\/wp-json\/wp\/v2\/media\/770"}],"wp:attachment":[{"href":"https:\/\/dantepinturerias.com\/international\/wp-json\/wp\/v2\/media?parent=769"}],"wp:term":[{"taxonomy":"product_cat","embeddable":true,"href":"https:\/\/dantepinturerias.com\/international\/wp-json\/wp\/v2\/product_cat?post=769"},{"taxonomy":"product_tag","embeddable":true,"href":"https:\/\/dantepinturerias.com\/international\/wp-json\/wp\/v2\/product_tag?post=769"}],"curies":[{"name":"wp","href":"https:\/\/api.w.org\/{rel}","templated":true}]}}