{"id":794,"date":"2024-05-11T02:03:16","date_gmt":"2024-05-11T05:03:16","guid":{"rendered":"https:\/\/dantepinturerias.com\/international\/producto\/intercrete-4895-antes-monodex-icb\/"},"modified":"2024-06-21T22:30:12","modified_gmt":"2024-06-22T01:30:12","slug":"intercrete-4895-antes-monodex-icb","status":"publish","type":"product","link":"https:\/\/dantepinturerias.com\/international\/producto\/intercrete-4895-antes-monodex-icb\/","title":{"rendered":"Intercrete 4895"},"content":{"rendered":"<h3>Caracter\u00edsticas<\/h3>\n<table>\n<tr>\n<td>Qu\u00edmica del Producto<\/td>\n<td>Water Based Acrylic<\/td>\n<\/tr>\n<tr>\n<td>S\u00f3lidos de Volumen<\/td>\n<td>66<\/td>\n<\/tr>\n<tr>\n<td>Contenido VOC (m\u00e9todo EPA)<\/td>\n<td>g\/lt<\/td>\n<\/tr>\n<tr>\n<td>Opciones de Color<\/td>\n<td>Sand<\/td>\n<\/tr>\n<tr>\n<td>Espesor m\u00e1ximo de pel\u00edcula seca<\/td>\n<td>660<\/td>\n<\/tr>\n<tr>\n<td>Espesor m\u00ednimo de pel\u00edcula seca<\/td>\n<td>330<\/td>\n<\/tr>\n<tr>\n<td>N\u00famero de componentes<\/td>\n<td>Single Pack<\/td>\n<\/tr>\n<\/table>\n","protected":false},"excerpt":{"rendered":"<p>Dise\u00f1ado para su uso en estructuras de hormig\u00f3n que presentan grietas existentes de hasta 1 mm o que tienen un alto riesgo de formaci\u00f3n de grietas. Rellena grietas, poros, cavidades y espir\u00e1culos. El alto contenido de s\u00f3lidos minimiza la contracci\u00f3n en aplicaciones m\u00e1s profundas. Intercrete 4895 es un material econ\u00f3mico que no requiere sustrato ni imprimaci\u00f3n entre capas. Se puede aplicar a acabados de pintura existentes y demostr\u00f3 excelentes propiedades de puenteo de grietas incluso a temperaturas tan bajas como -20 \u00baC. CE- marcado de acuerdo con EN 1504 Parte 2 <a href=\"https:\/\/international.brand.akzonobel.com\/m\/2980d9493872ed8b\/original\/Intercrete_4895_eng_A4_20190415.pdf\" target=\"_blank\" class=\"btFicha\" download rel=\"noopener\">Ver Ficha T\u00e9cnica<\/a><\/p>\n","protected":false},"featured_media":879,"template":"","meta":[],"product_cat":[24],"product_tag":[],"class_list":{"0":"post-794","1":"product","2":"type-product","3":"status-publish","4":"has-post-thumbnail","6":"product_cat-hormigon-estructural","8":"first","9":"instock","10":"purchasable","11":"product-type-simple"},"_links":{"self":[{"href":"https:\/\/dantepinturerias.com\/international\/wp-json\/wp\/v2\/product\/794","targetHints":{"allow":["GET"]}}],"collection":[{"href":"https:\/\/dantepinturerias.com\/international\/wp-json\/wp\/v2\/product"}],"about":[{"href":"https:\/\/dantepinturerias.com\/international\/wp-json\/wp\/v2\/types\/product"}],"wp:featuredmedia":[{"embeddable":true,"href":"https:\/\/dantepinturerias.com\/international\/wp-json\/wp\/v2\/media\/879"}],"wp:attachment":[{"href":"https:\/\/dantepinturerias.com\/international\/wp-json\/wp\/v2\/media?parent=794"}],"wp:term":[{"taxonomy":"product_cat","embeddable":true,"href":"https:\/\/dantepinturerias.com\/international\/wp-json\/wp\/v2\/product_cat?post=794"},{"taxonomy":"product_tag","embeddable":true,"href":"https:\/\/dantepinturerias.com\/international\/wp-json\/wp\/v2\/product_tag?post=794"}],"curies":[{"name":"wp","href":"https:\/\/api.w.org\/{rel}","templated":true}]}}