{"id":795,"date":"2024-05-11T02:03:16","date_gmt":"2024-05-11T05:03:16","guid":{"rendered":"https:\/\/dantepinturerias.com\/international\/producto\/intercrete-4807-antes-ttiefill\/"},"modified":"2024-06-21T22:30:12","modified_gmt":"2024-06-22T01:30:12","slug":"intercrete-4807-antes-ttiefill","status":"publish","type":"product","link":"https:\/\/dantepinturerias.com\/international\/producto\/intercrete-4807-antes-ttiefill\/","title":{"rendered":"Intercrete 4807"},"content":{"rendered":"<h3>Caracter\u00edsticas<\/h3>\n<table>\n<tr>\n<td>Qu\u00edmica del Producto<\/td>\n<td>High Build Structural Repair Mortar<\/td>\n<\/tr>\n<tr>\n<td>S\u00f3lidos de Volumen<\/td>\n<td>100<\/td>\n<\/tr>\n<tr>\n<td>Contenido VOC (m\u00e9todo EPA)<\/td>\n<td>g\/lt<\/td>\n<\/tr>\n<tr>\n<td>Opciones de Color<\/td>\n<td>Grey<\/td>\n<\/tr>\n<tr>\n<td>Espesor m\u00e1ximo de pel\u00edcula seca<\/td>\n<td>75000<\/td>\n<\/tr>\n<tr>\n<td>Espesor m\u00ednimo de pel\u00edcula seca<\/td>\n<td>5000<\/td>\n<\/tr>\n<tr>\n<td>N\u00famero de componentes<\/td>\n<td>Single Pack<\/td>\n<\/tr>\n<\/table>\n","protected":false},"excerpt":{"rendered":"<p>Dise\u00f1ado espec\u00edficamente para el relleno de agujeros formados por pernos de encofrado en construcciones nuevas, particularmente donde se requiere un mortero impermeable, duradero y de fraguado r\u00e1pido. Tambi\u00e9n se puede utilizar para sellar orificios de lechada y huecos alrededor de fijaciones en elementos prefabricados. Intercrete 4807 fragua en 30 minutos a 20 \u00b0C, lo que produce un mortero duradero y de alta resistencia que proporciona un sello impermeable que resiste una presi\u00f3n de agua de 10 bar despu\u00e9s de solo 72 horas de curado. No es t\u00f3xico cuando est\u00e1 curado y est\u00e1 aprobado por WRAS para su uso en contacto con agua potable. Marcado CE de acuerdo con BS EN 1504-3 ClassR4. Adecuado para los m\u00e9todos de reparaci\u00f3n 3.1, 7.1, 7.2 seg\u00fan lo definido por BS EN 1504-3. <a href=\"https:\/\/international.brand.akzonobel.com\/m\/4a159839f3880215\/original\/Intercrete_4807_eng_A4_20190415.pdf\" target=\"_blank\" class=\"btFicha\" download rel=\"noopener\">Ver Ficha T\u00e9cnica<\/a><\/p>\n","protected":false},"featured_media":880,"template":"","meta":[],"product_cat":[24],"product_tag":[],"class_list":{"0":"post-795","1":"product","2":"type-product","3":"status-publish","4":"has-post-thumbnail","6":"product_cat-hormigon-estructural","8":"first","9":"instock","10":"purchasable","11":"product-type-simple"},"_links":{"self":[{"href":"https:\/\/dantepinturerias.com\/international\/wp-json\/wp\/v2\/product\/795","targetHints":{"allow":["GET"]}}],"collection":[{"href":"https:\/\/dantepinturerias.com\/international\/wp-json\/wp\/v2\/product"}],"about":[{"href":"https:\/\/dantepinturerias.com\/international\/wp-json\/wp\/v2\/types\/product"}],"wp:featuredmedia":[{"embeddable":true,"href":"https:\/\/dantepinturerias.com\/international\/wp-json\/wp\/v2\/media\/880"}],"wp:attachment":[{"href":"https:\/\/dantepinturerias.com\/international\/wp-json\/wp\/v2\/media?parent=795"}],"wp:term":[{"taxonomy":"product_cat","embeddable":true,"href":"https:\/\/dantepinturerias.com\/international\/wp-json\/wp\/v2\/product_cat?post=795"},{"taxonomy":"product_tag","embeddable":true,"href":"https:\/\/dantepinturerias.com\/international\/wp-json\/wp\/v2\/product_tag?post=795"}],"curies":[{"name":"wp","href":"https:\/\/api.w.org\/{rel}","templated":true}]}}