{"id":799,"date":"2024-05-11T02:03:16","date_gmt":"2024-05-11T05:03:16","guid":{"rendered":"https:\/\/dantepinturerias.com\/international\/producto\/intercrete-4823-antes-monolevel-rm\/"},"modified":"2024-06-21T22:30:17","modified_gmt":"2024-06-22T01:30:17","slug":"intercrete-4823-antes-monolevel-rm","status":"publish","type":"product","link":"https:\/\/dantepinturerias.com\/international\/producto\/intercrete-4823-antes-monolevel-rm\/","title":{"rendered":"Intercrete 4823"},"content":{"rendered":"<h3>Caracter\u00edsticas<\/h3>\n<table>\n<tr>\n<td>Qu\u00edmica del Producto<\/td>\n<td>Structural Repair Mortar<\/td>\n<\/tr>\n<tr>\n<td>Contenido VOC (m\u00e9todo EPA)<\/td>\n<td>g\/lt<\/td>\n<\/tr>\n<tr>\n<td>Opciones de Color<\/td>\n<td>Grey<\/td>\n<\/tr>\n<tr>\n<td>Espesor m\u00e1ximo de pel\u00edcula seca<\/td>\n<td>50000<\/td>\n<\/tr>\n<tr>\n<td>Espesor m\u00ednimo de pel\u00edcula seca<\/td>\n<td>5000<\/td>\n<\/tr>\n<tr>\n<td>N\u00famero de componentes<\/td>\n<td>Single Pack<\/td>\n<\/tr>\n<\/table>\n","protected":false},"excerpt":{"rendered":"<p>Dise\u00f1ado como un enlucido de una capa para aplicaci\u00f3n con pistola o llana en paredes externas e internas como se describe en EN988-1. Intercrete 4823 est\u00e1 reforzado con fibra para proporcionar una excelente resistencia a la tracci\u00f3n, resistencia al impacto y capacidad para resistir el agrietamiento. La densa matriz proporciona una excelente protecci\u00f3n contra la entrada de gases \u00e1cidos, humedad y cloruros. Se puede aplicar en espesores de 5 a 50 mm en una sola capa, lo que reduce considerablemente los costos de aplicaci\u00f3n. Altamente impermeable y resistente a una presi\u00f3n hidrost\u00e1tica de 7 bar tanto en el lado positivo como en el negativo cuando se aplica con un espesor de 10 mm. Cumple con los requisitos de BS 8102:2009, el C\u00f3digo de pr\u00e1cticas para la protecci\u00f3n de estructuras contra el agua del suelo, proporcionando el ambiente completamente seco \u00f3ptimo de &#8216;Grado 3&#8217;. <a href=\"https:\/\/international.brand.akzonobel.com\/m\/2c38803be3358abe\/original\/Intercrete_4823_eng_A4_20190415.pdf\" target=\"_blank\" class=\"btFicha\" download rel=\"noopener\">Ver Ficha T\u00e9cnica<\/a><\/p>\n","protected":false},"featured_media":882,"template":"","meta":[],"product_cat":[24],"product_tag":[],"class_list":{"0":"post-799","1":"product","2":"type-product","3":"status-publish","4":"has-post-thumbnail","6":"product_cat-hormigon-estructural","8":"first","9":"instock","10":"purchasable","11":"product-type-simple"},"_links":{"self":[{"href":"https:\/\/dantepinturerias.com\/international\/wp-json\/wp\/v2\/product\/799","targetHints":{"allow":["GET"]}}],"collection":[{"href":"https:\/\/dantepinturerias.com\/international\/wp-json\/wp\/v2\/product"}],"about":[{"href":"https:\/\/dantepinturerias.com\/international\/wp-json\/wp\/v2\/types\/product"}],"wp:featuredmedia":[{"embeddable":true,"href":"https:\/\/dantepinturerias.com\/international\/wp-json\/wp\/v2\/media\/882"}],"wp:attachment":[{"href":"https:\/\/dantepinturerias.com\/international\/wp-json\/wp\/v2\/media?parent=799"}],"wp:term":[{"taxonomy":"product_cat","embeddable":true,"href":"https:\/\/dantepinturerias.com\/international\/wp-json\/wp\/v2\/product_cat?post=799"},{"taxonomy":"product_tag","embeddable":true,"href":"https:\/\/dantepinturerias.com\/international\/wp-json\/wp\/v2\/product_tag?post=799"}],"curies":[{"name":"wp","href":"https:\/\/api.w.org\/{rel}","templated":true}]}}