{"id":800,"date":"2024-05-11T02:03:16","date_gmt":"2024-05-11T05:03:16","guid":{"rendered":"https:\/\/dantepinturerias.com\/international\/producto\/intercrete-4880-antes-biodex-hb-series-2\/"},"modified":"2024-06-21T22:30:18","modified_gmt":"2024-06-22T01:30:18","slug":"intercrete-4880-antes-biodex-hb-series-2","status":"publish","type":"product","link":"https:\/\/dantepinturerias.com\/international\/producto\/intercrete-4880-antes-biodex-hb-series-2\/","title":{"rendered":"Intercrete 4880"},"content":{"rendered":"<h3>Caracter\u00edsticas<\/h3>\n<table>\n<tr>\n<td>Qu\u00edmica del Producto<\/td>\n<td>Water Based Acrylic<\/td>\n<\/tr>\n<tr>\n<td>S\u00f3lidos de Volumen<\/td>\n<td>49<\/td>\n<\/tr>\n<tr>\n<td>Contenido VOC (m\u00e9todo EPA)<\/td>\n<td>g\/lt<\/td>\n<\/tr>\n<tr>\n<td>Opciones de Color<\/td>\n<td>Limited range<\/td>\n<\/tr>\n<tr>\n<td>Espesor m\u00e1ximo de pel\u00edcula seca<\/td>\n<td>125<\/td>\n<\/tr>\n<tr>\n<td>Espesor m\u00ednimo de pel\u00edcula seca<\/td>\n<td>125<\/td>\n<\/tr>\n<tr>\n<td>N\u00famero de componentes<\/td>\n<td>Single Pack<\/td>\n<\/tr>\n<\/table>\n","protected":false},"excerpt":{"rendered":"<p>Dise\u00f1ado como una membrana permeable al vapor que puede reforzarse para impartir una mayor resistencia a la tracci\u00f3n en superficies agrietadas o para resistir da\u00f1os mec\u00e1nicos. Intercrete 4880 se beneficia del \u00faltimo mecanismo de acci\u00f3n dual para proteger contra el crecimiento de microorganismos y brindar protecci\u00f3n adicional contra los g\u00e9rmenes. Intercrete 4880 tiene una formulaci\u00f3n biost\u00e1tica segura y sin lixiviaci\u00f3n, ideal para una variedad de ubicaciones sensibles a la higiene. Se aplica en paredes y techos para prevenir el crecimiento de moho y bacterias en \u00e1reas de preparaci\u00f3n o producci\u00f3n de alimentos, industrias cerveceras y de bebidas, hospitales, industria farmac\u00e9utica y en cocinas y ba\u00f1os. Marcado CE de acuerdo con BS EN 1504-2. Adecuado para sistemas de protecci\u00f3n de superficies principios 2.2, 8.2 como se define en BS EN 1504 Parte 2. <a href=\"https:\/\/international.brand.akzonobel.com\/m\/766209e88cef5e36\/original\/Intercrete_4880_eng_A4_20190415.pdf\" target=\"_blank\" class=\"btFicha\" download rel=\"noopener\">Ver Ficha T\u00e9cnica<\/a><\/p>\n","protected":false},"featured_media":883,"template":"","meta":[],"product_cat":[24],"product_tag":[],"class_list":{"0":"post-800","1":"product","2":"type-product","3":"status-publish","4":"has-post-thumbnail","6":"product_cat-hormigon-estructural","8":"first","9":"instock","10":"purchasable","11":"product-type-simple"},"_links":{"self":[{"href":"https:\/\/dantepinturerias.com\/international\/wp-json\/wp\/v2\/product\/800","targetHints":{"allow":["GET"]}}],"collection":[{"href":"https:\/\/dantepinturerias.com\/international\/wp-json\/wp\/v2\/product"}],"about":[{"href":"https:\/\/dantepinturerias.com\/international\/wp-json\/wp\/v2\/types\/product"}],"wp:featuredmedia":[{"embeddable":true,"href":"https:\/\/dantepinturerias.com\/international\/wp-json\/wp\/v2\/media\/883"}],"wp:attachment":[{"href":"https:\/\/dantepinturerias.com\/international\/wp-json\/wp\/v2\/media?parent=800"}],"wp:term":[{"taxonomy":"product_cat","embeddable":true,"href":"https:\/\/dantepinturerias.com\/international\/wp-json\/wp\/v2\/product_cat?post=800"},{"taxonomy":"product_tag","embeddable":true,"href":"https:\/\/dantepinturerias.com\/international\/wp-json\/wp\/v2\/product_tag?post=800"}],"curies":[{"name":"wp","href":"https:\/\/api.w.org\/{rel}","templated":true}]}}