{"id":801,"date":"2024-05-11T02:03:16","date_gmt":"2024-05-11T05:03:16","guid":{"rendered":"https:\/\/dantepinturerias.com\/international\/producto\/intercrete-4804-antes-marine-mortar-s\/"},"modified":"2024-06-21T22:30:18","modified_gmt":"2024-06-22T01:30:18","slug":"intercrete-4804-antes-marine-mortar-s","status":"publish","type":"product","link":"https:\/\/dantepinturerias.com\/international\/producto\/intercrete-4804-antes-marine-mortar-s\/","title":{"rendered":"Intercrete 4804"},"content":{"rendered":"<h3>Caracter\u00edsticas<\/h3>\n<table>\n<tr>\n<td>Qu\u00edmica del Producto<\/td>\n<td>Structural Repair Mortar<\/td>\n<\/tr>\n<tr>\n<td>S\u00f3lidos de Volumen<\/td>\n<td>100<\/td>\n<\/tr>\n<tr>\n<td>Contenido VOC (m\u00e9todo EPA)<\/td>\n<td>g\/lt<\/td>\n<\/tr>\n<tr>\n<td>Espesor m\u00e1ximo de pel\u00edcula seca<\/td>\n<td>50000<\/td>\n<\/tr>\n<tr>\n<td>Espesor m\u00ednimo de pel\u00edcula seca<\/td>\n<td>5000<\/td>\n<\/tr>\n<tr>\n<td>N\u00famero de componentes<\/td>\n<td>Multi Pack<\/td>\n<\/tr>\n<\/table>\n","protected":false},"excerpt":{"rendered":"<p>Dise\u00f1ado espec\u00edficamente para la reparaci\u00f3n estructural y perfilado de superficies verticales, horizontales y elevadas en \u00e1reas marinas y de mareas sujetas a inmersi\u00f3n temprana. Intercrete 4804 es un mortero tixotr\u00f3pico que permite una f\u00e1cil aplicaci\u00f3n con llana y al mismo tiempo permite espesores de aplicaci\u00f3n elevados de hasta 50 mm por capa tanto en aplicaciones verticales como horizontales. Excelente resistencia al lavado poco despu\u00e9s de la aplicaci\u00f3n. Marcado CE de acuerdo con BS EN 1504-3 Clase R4. Adecuado para los m\u00e9todos de reparaci\u00f3n 3.1, 3.2, 7.1, 7.2 seg\u00fan lo definido por BS EN 1504-3. <a href=\"https:\/\/international.brand.akzonobel.com\/m\/4864d47a00babf82\/original\/Intercrete_4804_eng_A4_20190412.pdf\" target=\"_blank\" class=\"btFicha\" download rel=\"noopener\">Ver Ficha T\u00e9cnica<\/a><\/p>\n","protected":false},"featured_media":884,"template":"","meta":[],"product_cat":[24],"product_tag":[],"class_list":{"0":"post-801","1":"product","2":"type-product","3":"status-publish","4":"has-post-thumbnail","6":"product_cat-hormigon-estructural","8":"first","9":"instock","10":"purchasable","11":"product-type-simple"},"_links":{"self":[{"href":"https:\/\/dantepinturerias.com\/international\/wp-json\/wp\/v2\/product\/801","targetHints":{"allow":["GET"]}}],"collection":[{"href":"https:\/\/dantepinturerias.com\/international\/wp-json\/wp\/v2\/product"}],"about":[{"href":"https:\/\/dantepinturerias.com\/international\/wp-json\/wp\/v2\/types\/product"}],"wp:featuredmedia":[{"embeddable":true,"href":"https:\/\/dantepinturerias.com\/international\/wp-json\/wp\/v2\/media\/884"}],"wp:attachment":[{"href":"https:\/\/dantepinturerias.com\/international\/wp-json\/wp\/v2\/media?parent=801"}],"wp:term":[{"taxonomy":"product_cat","embeddable":true,"href":"https:\/\/dantepinturerias.com\/international\/wp-json\/wp\/v2\/product_cat?post=801"},{"taxonomy":"product_tag","embeddable":true,"href":"https:\/\/dantepinturerias.com\/international\/wp-json\/wp\/v2\/product_tag?post=801"}],"curies":[{"name":"wp","href":"https:\/\/api.w.org\/{rel}","templated":true}]}}