{"id":804,"date":"2024-05-11T02:03:16","date_gmt":"2024-05-11T05:03:16","guid":{"rendered":"https:\/\/dantepinturerias.com\/international\/producto\/intercrete-4811-antes-bond-prime\/"},"modified":"2024-06-21T22:30:13","modified_gmt":"2024-06-22T01:30:13","slug":"intercrete-4811-antes-bond-prime","status":"publish","type":"product","link":"https:\/\/dantepinturerias.com\/international\/producto\/intercrete-4811-antes-bond-prime\/","title":{"rendered":"Intercrete 4811"},"content":{"rendered":"<h3>Caracter\u00edsticas<\/h3>\n<table>\n<tr>\n<td>Qu\u00edmica del Producto<\/td>\n<td>Concrete Primer<\/td>\n<\/tr>\n<tr>\n<td>S\u00f3lidos de Volumen<\/td>\n<td>25<\/td>\n<\/tr>\n<tr>\n<td>Contenido VOC (m\u00e9todo EPA)<\/td>\n<td>g\/lt<\/td>\n<\/tr>\n<tr>\n<td>Opciones de Color<\/td>\n<td>Green<\/td>\n<\/tr>\n<tr>\n<td>Espesor m\u00e1ximo de pel\u00edcula seca<\/td>\n<td>25<\/td>\n<\/tr>\n<tr>\n<td>Espesor m\u00ednimo de pel\u00edcula seca<\/td>\n<td>25<\/td>\n<\/tr>\n<tr>\n<td>N\u00famero de componentes<\/td>\n<td>Single Pack<\/td>\n<\/tr>\n<\/table>\n","protected":false},"excerpt":{"rendered":"<p>Dise\u00f1ado para usarse para tratar una variedad de sustratos, que incluyen: morteros y enlucidos de concreto, mamposter\u00eda, espuma de poliuretano, tableros fen\u00f3licos, pinturas existentes, yeso y morteros de reparaci\u00f3n de concreto Intercrete. Intercrete 4811 mejora la uni\u00f3n al combinar la penetraci\u00f3n en la estructura de los poros con un efecto de formaci\u00f3n de pel\u00edcula en la superficie para producir una superficie sana y estabilizada, ideal para el tratamiento. Reacciona con recubrimientos aplicados posteriormente para proporcionar una uni\u00f3n qu\u00edmica que proporciona una excelente adhesi\u00f3n y se seca r\u00e1pidamente sin liberar sustancias peligrosas. disolventes y se puede repintar despu\u00e9s de s\u00f3lo 1 hora. <a href=\"https:\/\/international.brand.akzonobel.com\/m\/3a17d1400122e495\/original\/Intercrete_4811_eng_A4_20190304.pdf\" target=\"_blank\" class=\"btFicha\" download rel=\"noopener\">Ver Ficha T\u00e9cnica<\/a><\/p>\n","protected":false},"featured_media":887,"template":"","meta":[],"product_cat":[24],"product_tag":[],"class_list":{"0":"post-804","1":"product","2":"type-product","3":"status-publish","4":"has-post-thumbnail","6":"product_cat-hormigon-estructural","8":"first","9":"instock","10":"purchasable","11":"product-type-simple"},"_links":{"self":[{"href":"https:\/\/dantepinturerias.com\/international\/wp-json\/wp\/v2\/product\/804","targetHints":{"allow":["GET"]}}],"collection":[{"href":"https:\/\/dantepinturerias.com\/international\/wp-json\/wp\/v2\/product"}],"about":[{"href":"https:\/\/dantepinturerias.com\/international\/wp-json\/wp\/v2\/types\/product"}],"wp:featuredmedia":[{"embeddable":true,"href":"https:\/\/dantepinturerias.com\/international\/wp-json\/wp\/v2\/media\/887"}],"wp:attachment":[{"href":"https:\/\/dantepinturerias.com\/international\/wp-json\/wp\/v2\/media?parent=804"}],"wp:term":[{"taxonomy":"product_cat","embeddable":true,"href":"https:\/\/dantepinturerias.com\/international\/wp-json\/wp\/v2\/product_cat?post=804"},{"taxonomy":"product_tag","embeddable":true,"href":"https:\/\/dantepinturerias.com\/international\/wp-json\/wp\/v2\/product_tag?post=804"}],"curies":[{"name":"wp","href":"https:\/\/api.w.org\/{rel}","templated":true}]}}