{"id":808,"date":"2024-05-11T02:05:07","date_gmt":"2024-05-11T05:05:07","guid":{"rendered":"https:\/\/dantepinturerias.com\/international\/producto\/intercrete-4810-antes-polymer-admixture-850\/"},"modified":"2024-06-21T22:29:59","modified_gmt":"2024-06-22T01:29:59","slug":"intercrete-4810-antes-polymer-admixture-850","status":"publish","type":"product","link":"https:\/\/dantepinturerias.com\/international\/producto\/intercrete-4810-antes-polymer-admixture-850\/","title":{"rendered":"Intercrete 4810"},"content":{"rendered":"<h3>Caracter\u00edsticas<\/h3>\n<table>\n<tr>\n<td>Qu\u00edmica del Producto<\/td>\n<td>Concrete Primer<\/td>\n<\/tr>\n<tr>\n<td>S\u00f3lidos de Volumen<\/td>\n<td>57<\/td>\n<\/tr>\n<tr>\n<td>Contenido VOC (m\u00e9todo EPA)<\/td>\n<td>g\/lt<\/td>\n<\/tr>\n<tr>\n<td>Opciones de Color<\/td>\n<td>White<\/td>\n<\/tr>\n<tr>\n<td>N\u00famero de componentes<\/td>\n<td>Single Pack<\/td>\n<\/tr>\n<\/table>\n","protected":false},"excerpt":{"rendered":"<p>Para la modificaci\u00f3n polim\u00e9rica de morteros de arena y cemento para proporcionar caracter\u00edsticas mec\u00e1nicas mejoradas: Cuando se mezcla con cemento, se puede utilizar como imprimador y agente adhesivo para morteros polim\u00e9ricos, enlucidos y soleras. Tambi\u00e9n puede diluirse con agua para producir una imprimaci\u00f3n para aplicaciones en techos y terrazas en la industria del agua limpia. Aprobado por WRAS para uso en contacto con agua potable. <a href=\"https:\/\/international.brand.akzonobel.com\/m\/2aca58f93223f5c9\/original\/Intercrete_4810_eng_A4_20190305.pdf\" target=\"_blank\" class=\"btFicha\" download rel=\"noopener\">Ver Ficha T\u00e9cnica<\/a><\/p>\n","protected":false},"featured_media":889,"template":"","meta":[],"product_cat":[24],"product_tag":[],"class_list":{"0":"post-808","1":"product","2":"type-product","3":"status-publish","4":"has-post-thumbnail","6":"product_cat-hormigon-estructural","8":"first","9":"instock","10":"purchasable","11":"product-type-simple"},"_links":{"self":[{"href":"https:\/\/dantepinturerias.com\/international\/wp-json\/wp\/v2\/product\/808","targetHints":{"allow":["GET"]}}],"collection":[{"href":"https:\/\/dantepinturerias.com\/international\/wp-json\/wp\/v2\/product"}],"about":[{"href":"https:\/\/dantepinturerias.com\/international\/wp-json\/wp\/v2\/types\/product"}],"wp:featuredmedia":[{"embeddable":true,"href":"https:\/\/dantepinturerias.com\/international\/wp-json\/wp\/v2\/media\/889"}],"wp:attachment":[{"href":"https:\/\/dantepinturerias.com\/international\/wp-json\/wp\/v2\/media?parent=808"}],"wp:term":[{"taxonomy":"product_cat","embeddable":true,"href":"https:\/\/dantepinturerias.com\/international\/wp-json\/wp\/v2\/product_cat?post=808"},{"taxonomy":"product_tag","embeddable":true,"href":"https:\/\/dantepinturerias.com\/international\/wp-json\/wp\/v2\/product_tag?post=808"}],"curies":[{"name":"wp","href":"https:\/\/api.w.org\/{rel}","templated":true}]}}