{"id":815,"date":"2024-05-11T02:05:07","date_gmt":"2024-05-11T05:05:07","guid":{"rendered":"https:\/\/dantepinturerias.com\/international\/producto\/intercrete-4894-antes-monodex-metallic\/"},"modified":"2024-06-21T22:30:09","modified_gmt":"2024-06-22T01:30:09","slug":"intercrete-4894-2","status":"publish","type":"product","link":"https:\/\/dantepinturerias.com\/international\/producto\/intercrete-4894-2\/","title":{"rendered":"Intercrete 4894"},"content":{"rendered":"","protected":false},"excerpt":{"rendered":"<p>Para brindar protecci\u00f3n contra los efectos de la carbonataci\u00f3n y una barrera eficaz contra la penetraci\u00f3n del agua y el ingreso de cloruros en el aire, al mismo tiempo que permite la liberaci\u00f3n de humedad del sustrato. Dise\u00f1ado para su aplicaci\u00f3n sobre un sistema de capa base Intercrete pigmentado complementario para producir un acabado con efecto satinado met\u00e1lico en fachadas externas y otras estructuras. Adecuado igualmente para uso interno, brindando una apariencia \u00fanica a los elementos decorativos en construcciones de alto perfil. Marcado CE de acuerdo con BS EN 1504-2. Adecuado para sistemas de protecci\u00f3n de superficies principios 1.3, 2.2, 8.2 como se define en BS EN 1504-2. <a href=\"https:\/\/international.brand.akzonobel.com\/m\/7c1680ef003c4a0d\/original\/Intercrete_4894_eng_A4_20190415.pdf\" target=\"_blank\" class=\"btFicha\" download rel=\"noopener\">Ver Ficha T\u00e9cnica<\/a><\/p>\n","protected":false},"featured_media":782,"template":"","meta":[],"product_cat":[24],"product_tag":[],"class_list":{"0":"post-815","1":"product","2":"type-product","3":"status-publish","4":"has-post-thumbnail","6":"product_cat-hormigon-estructural","8":"first","9":"instock","10":"purchasable","11":"product-type-simple"},"_links":{"self":[{"href":"https:\/\/dantepinturerias.com\/international\/wp-json\/wp\/v2\/product\/815","targetHints":{"allow":["GET"]}}],"collection":[{"href":"https:\/\/dantepinturerias.com\/international\/wp-json\/wp\/v2\/product"}],"about":[{"href":"https:\/\/dantepinturerias.com\/international\/wp-json\/wp\/v2\/types\/product"}],"wp:featuredmedia":[{"embeddable":true,"href":"https:\/\/dantepinturerias.com\/international\/wp-json\/wp\/v2\/media\/782"}],"wp:attachment":[{"href":"https:\/\/dantepinturerias.com\/international\/wp-json\/wp\/v2\/media?parent=815"}],"wp:term":[{"taxonomy":"product_cat","embeddable":true,"href":"https:\/\/dantepinturerias.com\/international\/wp-json\/wp\/v2\/product_cat?post=815"},{"taxonomy":"product_tag","embeddable":true,"href":"https:\/\/dantepinturerias.com\/international\/wp-json\/wp\/v2\/product_tag?post=815"}],"curies":[{"name":"wp","href":"https:\/\/api.w.org\/{rel}","templated":true}]}}