{"id":82,"date":"2024-05-10T15:36:49","date_gmt":"2024-05-10T18:36:49","guid":{"rendered":"https:\/\/dantepinturerias.com\/international\/producto\/interlac-87\/"},"modified":"2024-06-21T22:39:53","modified_gmt":"2024-06-22T01:39:53","slug":"interlac-87","status":"publish","type":"product","link":"https:\/\/dantepinturerias.com\/international\/producto\/interlac-87\/","title":{"rendered":"Interlac 87"},"content":{"rendered":"<h3>Caracter\u00edsticas<\/h3>\n<table>\n<tr>\n<td>Qu\u00edmica del Producto<\/td>\n<td>Alkyd<\/td>\n<\/tr>\n<tr>\n<td>S\u00f3lidos de Volumen<\/td>\n<td>52<\/td>\n<\/tr>\n<tr>\n<td>Contenido VOC (m\u00e9todo EPA)<\/td>\n<td>381 g\/lt<\/td>\n<\/tr>\n<tr>\n<td>Espesor m\u00e1ximo de pel\u00edcula seca<\/td>\n<td>50<\/td>\n<\/tr>\n<tr>\n<td>Espesor m\u00ednimo de pel\u00edcula seca<\/td>\n<td>50<\/td>\n<\/tr>\n<tr>\n<td>N\u00famero de componentes<\/td>\n<td>Single Pack<\/td>\n<\/tr>\n<\/table>\n","protected":false},"excerpt":{"rendered":"<p>Una capa intermedia o de acabado monocomponente a base de resina alqu\u00eddica que contiene pigmento mic\u00e1ceo de \u00f3xido de hierro. <a href=\"https:\/\/international.brand.akzonobel.com\/m\/53694d1642e969c5\/original\/Interlac_87_eng_A4_20150205.pdf\" target=\"_blank\" class=\"btFicha\" download rel=\"noopener\">Ver Ficha T\u00e9cnica<\/a><\/p>\n","protected":false},"featured_media":83,"template":"","meta":[],"product_cat":[17],"product_tag":[],"class_list":{"0":"post-82","1":"product","2":"type-product","3":"status-publish","4":"has-post-thumbnail","6":"product_cat-acabado","8":"first","9":"instock","10":"purchasable","11":"product-type-simple"},"_links":{"self":[{"href":"https:\/\/dantepinturerias.com\/international\/wp-json\/wp\/v2\/product\/82","targetHints":{"allow":["GET"]}}],"collection":[{"href":"https:\/\/dantepinturerias.com\/international\/wp-json\/wp\/v2\/product"}],"about":[{"href":"https:\/\/dantepinturerias.com\/international\/wp-json\/wp\/v2\/types\/product"}],"wp:featuredmedia":[{"embeddable":true,"href":"https:\/\/dantepinturerias.com\/international\/wp-json\/wp\/v2\/media\/83"}],"wp:attachment":[{"href":"https:\/\/dantepinturerias.com\/international\/wp-json\/wp\/v2\/media?parent=82"}],"wp:term":[{"taxonomy":"product_cat","embeddable":true,"href":"https:\/\/dantepinturerias.com\/international\/wp-json\/wp\/v2\/product_cat?post=82"},{"taxonomy":"product_tag","embeddable":true,"href":"https:\/\/dantepinturerias.com\/international\/wp-json\/wp\/v2\/product_tag?post=82"}],"curies":[{"name":"wp","href":"https:\/\/api.w.org\/{rel}","templated":true}]}}