{"id":820,"date":"2024-05-11T02:06:33","date_gmt":"2024-05-11T05:06:33","guid":{"rendered":"https:\/\/dantepinturerias.com\/international\/producto\/intercrete-4825-antes-monorub\/"},"modified":"2024-06-21T22:29:57","modified_gmt":"2024-06-22T01:29:57","slug":"intercrete-4825-antes-monorub","status":"publish","type":"product","link":"https:\/\/dantepinturerias.com\/international\/producto\/intercrete-4825-antes-monorub\/","title":{"rendered":"Intercrete 4825"},"content":{"rendered":"<h3>Caracter\u00edsticas<\/h3>\n<table>\n<tr>\n<td>Qu\u00edmica del Producto<\/td>\n<td>Pore Filler &#038; Screed<\/td>\n<\/tr>\n<tr>\n<td>S\u00f3lidos de Volumen<\/td>\n<td>100<\/td>\n<\/tr>\n<tr>\n<td>Contenido VOC (m\u00e9todo EPA)<\/td>\n<td>g\/lt<\/td>\n<\/tr>\n<tr>\n<td>Opciones de Color<\/td>\n<td>White<\/td>\n<\/tr>\n<tr>\n<td>Espesor m\u00e1ximo de pel\u00edcula seca<\/td>\n<td>2000<\/td>\n<\/tr>\n<tr>\n<td>Espesor m\u00ednimo de pel\u00edcula seca<\/td>\n<td>500<\/td>\n<\/tr>\n<tr>\n<td>N\u00famero de componentes<\/td>\n<td>Single Pack<\/td>\n<\/tr>\n<\/table>\n","protected":false},"excerpt":{"rendered":"<p>Para rellenar orificios de soplado y peque\u00f1os defectos superficiales en hormig\u00f3n prefabricado y in situ para producir un acabado est\u00e9tico duradero. Adecuado para los m\u00e9todos de reparaci\u00f3n 3.1 seg\u00fan lo definido por BS EN 1504-3. Mortero modificado con pol\u00edmeros de calidad fina para rellenar orificios de soplado y defectos superficiales menores. Disponible en versiones gris y blanco para permitir la combinaci\u00f3n de colores con el hormig\u00f3n principal. Marcado CE de acuerdo con BS EN 1504-3 Clase R1. Adecuado para los m\u00e9todos de reparaci\u00f3n 3.1 seg\u00fan lo definido por BS EN 1504-3. <a href=\"https:\/\/international.brand.akzonobel.com\/m\/631165f3d4da0099\/original\/Intercrete_4825_eng_A4_20190415.pdf\" target=\"_blank\" class=\"btFicha\" download rel=\"noopener\">Ver Ficha T\u00e9cnica<\/a><\/p>\n","protected":false},"featured_media":898,"template":"","meta":[],"product_cat":[24],"product_tag":[],"class_list":{"0":"post-820","1":"product","2":"type-product","3":"status-publish","4":"has-post-thumbnail","6":"product_cat-hormigon-estructural","8":"first","9":"instock","10":"purchasable","11":"product-type-simple"},"_links":{"self":[{"href":"https:\/\/dantepinturerias.com\/international\/wp-json\/wp\/v2\/product\/820","targetHints":{"allow":["GET"]}}],"collection":[{"href":"https:\/\/dantepinturerias.com\/international\/wp-json\/wp\/v2\/product"}],"about":[{"href":"https:\/\/dantepinturerias.com\/international\/wp-json\/wp\/v2\/types\/product"}],"wp:featuredmedia":[{"embeddable":true,"href":"https:\/\/dantepinturerias.com\/international\/wp-json\/wp\/v2\/media\/898"}],"wp:attachment":[{"href":"https:\/\/dantepinturerias.com\/international\/wp-json\/wp\/v2\/media?parent=820"}],"wp:term":[{"taxonomy":"product_cat","embeddable":true,"href":"https:\/\/dantepinturerias.com\/international\/wp-json\/wp\/v2\/product_cat?post=820"},{"taxonomy":"product_tag","embeddable":true,"href":"https:\/\/dantepinturerias.com\/international\/wp-json\/wp\/v2\/product_tag?post=820"}],"curies":[{"name":"wp","href":"https:\/\/api.w.org\/{rel}","templated":true}]}}