{"id":821,"date":"2024-05-11T02:06:33","date_gmt":"2024-05-11T05:06:33","guid":{"rendered":"https:\/\/dantepinturerias.com\/international\/producto\/intercrete-4876-antes-cemprotec-gfm-100-gfm-225\/"},"modified":"2024-06-21T22:29:57","modified_gmt":"2024-06-22T01:29:57","slug":"intercrete-4876-antes-cemprotec-gfm-100-gfm-225","status":"publish","type":"product","link":"https:\/\/dantepinturerias.com\/international\/producto\/intercrete-4876-antes-cemprotec-gfm-100-gfm-225\/","title":{"rendered":"Intercrete 4876"},"content":{"rendered":"<h3>Caracter\u00edsticas<\/h3>\n<table>\n<tr>\n<td>Qu\u00edmica del Producto<\/td>\n<td>Mat Fibre Reinforcement<\/td>\n<\/tr>\n<tr>\n<td>Contenido VOC (m\u00e9todo EPA)<\/td>\n<td>g\/lt<\/td>\n<\/tr>\n<tr>\n<td>N\u00famero de componentes<\/td>\n<td>Single Pack<\/td>\n<\/tr>\n<\/table>\n","protected":false},"excerpt":{"rendered":"<p>Se suministra en dos grados para reforzar la gama Intercrete de membranas de aplicaci\u00f3n fluida. Es particularmente adecuado para el refuerzo de Intercrete 4845 utilizado en impermeabilizaci\u00f3n de techos inclinados y planos, donde mejora en gran medida la resistencia a la tracci\u00f3n y al desgarro para aumentar la resistencia cohesiva de la membrana compuesta para acomodar grietas en los sustratos del techo. Tambi\u00e9n se utiliza para reforzar membranas en situaciones en las que se debe tratar un sustrato con m\u00faltiples fisuras o grietas, o cuando es necesario proporcionar una defensa adicional contra da\u00f1os mec\u00e1nicos en entornos de mucho tr\u00e1fico. <a href=\"https:\/\/international.brand.akzonobel.com\/m\/2a97cdc125a24f94\/original\/Intercrete_4876_eng_A4_20190305.pdf\" target=\"_blank\" class=\"btFicha\" download rel=\"noopener\">Ver Ficha T\u00e9cnica<\/a><\/p>\n","protected":false},"featured_media":899,"template":"","meta":[],"product_cat":[24],"product_tag":[],"class_list":{"0":"post-821","1":"product","2":"type-product","3":"status-publish","4":"has-post-thumbnail","6":"product_cat-hormigon-estructural","8":"first","9":"instock","10":"purchasable","11":"product-type-simple"},"_links":{"self":[{"href":"https:\/\/dantepinturerias.com\/international\/wp-json\/wp\/v2\/product\/821","targetHints":{"allow":["GET"]}}],"collection":[{"href":"https:\/\/dantepinturerias.com\/international\/wp-json\/wp\/v2\/product"}],"about":[{"href":"https:\/\/dantepinturerias.com\/international\/wp-json\/wp\/v2\/types\/product"}],"wp:featuredmedia":[{"embeddable":true,"href":"https:\/\/dantepinturerias.com\/international\/wp-json\/wp\/v2\/media\/899"}],"wp:attachment":[{"href":"https:\/\/dantepinturerias.com\/international\/wp-json\/wp\/v2\/media?parent=821"}],"wp:term":[{"taxonomy":"product_cat","embeddable":true,"href":"https:\/\/dantepinturerias.com\/international\/wp-json\/wp\/v2\/product_cat?post=821"},{"taxonomy":"product_tag","embeddable":true,"href":"https:\/\/dantepinturerias.com\/international\/wp-json\/wp\/v2\/product_tag?post=821"}],"curies":[{"name":"wp","href":"https:\/\/api.w.org\/{rel}","templated":true}]}}