{"id":822,"date":"2024-05-11T02:06:33","date_gmt":"2024-05-11T05:06:33","guid":{"rendered":"https:\/\/dantepinturerias.com\/international\/producto\/intercrete-4844-antes-cemprotec-clutch-filler\/"},"modified":"2024-06-21T22:29:58","modified_gmt":"2024-06-22T01:29:58","slug":"intercrete-4844-antes-cemprotec-clutch-filler","status":"publish","type":"product","link":"https:\/\/dantepinturerias.com\/international\/producto\/intercrete-4844-antes-cemprotec-clutch-filler\/","title":{"rendered":"Intercrete 4844"},"content":{"rendered":"<h3>Caracter\u00edsticas<\/h3>\n<table>\n<tr>\n<td>Qu\u00edmica del Producto<\/td>\n<td>Polymer Modified Cementitious Coating<\/td>\n<\/tr>\n<tr>\n<td>Contenido VOC (m\u00e9todo EPA)<\/td>\n<td>g\/lt<\/td>\n<\/tr>\n<tr>\n<td>Opciones de Color<\/td>\n<td>Grey<\/td>\n<\/tr>\n<tr>\n<td>Espesor m\u00e1ximo de pel\u00edcula seca<\/td>\n<td>2000<\/td>\n<\/tr>\n<tr>\n<td>Espesor m\u00ednimo de pel\u00edcula seca<\/td>\n<td>1000<\/td>\n<\/tr>\n<tr>\n<td>N\u00famero de componentes<\/td>\n<td>Multi Pack<\/td>\n<\/tr>\n<\/table>\n","protected":false},"excerpt":{"rendered":"<p>Un material cementoso de f\u00f3rmula \u00fanica para sellar el espacio de la superficie en el enclavamiento o embrague entre pilotes antes de la aplicaci\u00f3n de un revestimiento cementoso anticorrosi\u00f3n Intercrete. Los materiales est\u00e1n preenvasados \u200b\u200ben un tama\u00f1o conveniente y f\u00e1cil de manejar, y solo requieren mezclarse en el sitio. Una mezcla \u00fanica de tensioactivos permite una f\u00e1cil aplicaci\u00f3n con una pistola apuntadora. La estructura de gel se descompone bajo el corte para garantizar un relleno completo. Intercrete 4844 es autocebante, se hidrata para proporcionar un entorno alcalino que reacciona qu\u00edmicamente con el sustrato para acelerar la pasivaci\u00f3n del acero, proporcionando una excelente adhesi\u00f3n al acero y es tolerante a niveles m\u00e1s bajos. de preparaci\u00f3n del acero, incluida la contaminaci\u00f3n por cloruros <a href=\"https:\/\/international.brand.akzonobel.com\/m\/7a6f57bda34a47df\/original\/Intercrete_4844_eng_A4_20190415.pdf\" target=\"_blank\" class=\"btFicha\" download rel=\"noopener\">Ver Ficha T\u00e9cnica<\/a><\/p>\n","protected":false},"featured_media":900,"template":"","meta":[],"product_cat":[24],"product_tag":[],"class_list":{"0":"post-822","1":"product","2":"type-product","3":"status-publish","4":"has-post-thumbnail","6":"product_cat-hormigon-estructural","8":"first","9":"instock","10":"purchasable","11":"product-type-simple"},"_links":{"self":[{"href":"https:\/\/dantepinturerias.com\/international\/wp-json\/wp\/v2\/product\/822","targetHints":{"allow":["GET"]}}],"collection":[{"href":"https:\/\/dantepinturerias.com\/international\/wp-json\/wp\/v2\/product"}],"about":[{"href":"https:\/\/dantepinturerias.com\/international\/wp-json\/wp\/v2\/types\/product"}],"wp:featuredmedia":[{"embeddable":true,"href":"https:\/\/dantepinturerias.com\/international\/wp-json\/wp\/v2\/media\/900"}],"wp:attachment":[{"href":"https:\/\/dantepinturerias.com\/international\/wp-json\/wp\/v2\/media?parent=822"}],"wp:term":[{"taxonomy":"product_cat","embeddable":true,"href":"https:\/\/dantepinturerias.com\/international\/wp-json\/wp\/v2\/product_cat?post=822"},{"taxonomy":"product_tag","embeddable":true,"href":"https:\/\/dantepinturerias.com\/international\/wp-json\/wp\/v2\/product_tag?post=822"}],"curies":[{"name":"wp","href":"https:\/\/api.w.org\/{rel}","templated":true}]}}