{"id":825,"date":"2024-05-11T02:06:33","date_gmt":"2024-05-11T05:06:33","guid":{"rendered":"https:\/\/dantepinturerias.com\/international\/producto\/intercrete-4875-antes-cemprotec-scrim\/"},"modified":"2024-06-21T22:29:58","modified_gmt":"2024-06-22T01:29:58","slug":"intercrete-4875-antes-cemprotec-scrim","status":"publish","type":"product","link":"https:\/\/dantepinturerias.com\/international\/producto\/intercrete-4875-antes-cemprotec-scrim\/","title":{"rendered":"Intercrete 4875"},"content":{"rendered":"<h3>Caracter\u00edsticas<\/h3>\n<table>\n<tr>\n<td>Qu\u00edmica del Producto<\/td>\n<td>Flexible Waterproof Sealing Tape<\/td>\n<\/tr>\n<tr>\n<td>Contenido VOC (m\u00e9todo EPA)<\/td>\n<td>g\/lt<\/td>\n<\/tr>\n<tr>\n<td>N\u00famero de componentes<\/td>\n<td>Single Pack<\/td>\n<\/tr>\n<\/table>\n","protected":false},"excerpt":{"rendered":"<p>Se suministra en dos grados para reforzar la gama Flexcrete de morteros y revestimientos cementosos: INTERCRETE SCRIM: Particularmente adecuado para refuerzo general sobre grandes \u00e1reas de grietas\/fisuras o sustratos d\u00e9biles\/friables, particularmente aislamiento, para proporcionar mayor resistencia a la tracci\u00f3n y resistencia al impacto. INTERCRETE EDGE SCRIM: Para refuerzo localizado sobre juntas o grietas para proporcionar mayor resistencia a la tracci\u00f3n. Tambi\u00e9n se puede utilizar sobre soldaduras o bordes de secciones de acero para ayudar a mantener el espesor de pel\u00edcula correcto. Autoadhesivo. <a href=\"https:\/\/international.brand.akzonobel.com\/m\/039e1e8b70d5a04f\/original\/Intercrete_4875_eng_A4_20190304.pdf\" target=\"_blank\" class=\"btFicha\" download rel=\"noopener\">Ver Ficha T\u00e9cnica<\/a><\/p>\n","protected":false},"featured_media":901,"template":"","meta":[],"product_cat":[24],"product_tag":[],"class_list":{"0":"post-825","1":"product","2":"type-product","3":"status-publish","4":"has-post-thumbnail","6":"product_cat-hormigon-estructural","8":"first","9":"instock","10":"purchasable","11":"product-type-simple"},"_links":{"self":[{"href":"https:\/\/dantepinturerias.com\/international\/wp-json\/wp\/v2\/product\/825","targetHints":{"allow":["GET"]}}],"collection":[{"href":"https:\/\/dantepinturerias.com\/international\/wp-json\/wp\/v2\/product"}],"about":[{"href":"https:\/\/dantepinturerias.com\/international\/wp-json\/wp\/v2\/types\/product"}],"wp:featuredmedia":[{"embeddable":true,"href":"https:\/\/dantepinturerias.com\/international\/wp-json\/wp\/v2\/media\/901"}],"wp:attachment":[{"href":"https:\/\/dantepinturerias.com\/international\/wp-json\/wp\/v2\/media?parent=825"}],"wp:term":[{"taxonomy":"product_cat","embeddable":true,"href":"https:\/\/dantepinturerias.com\/international\/wp-json\/wp\/v2\/product_cat?post=825"},{"taxonomy":"product_tag","embeddable":true,"href":"https:\/\/dantepinturerias.com\/international\/wp-json\/wp\/v2\/product_tag?post=825"}],"curies":[{"name":"wp","href":"https:\/\/api.w.org\/{rel}","templated":true}]}}