{"id":829,"date":"2024-05-11T02:08:13","date_gmt":"2024-05-11T05:08:13","guid":{"rendered":"https:\/\/dantepinturerias.com\/international\/producto\/intercrete-4806-antes-monopour\/"},"modified":"2024-06-21T22:29:55","modified_gmt":"2024-06-22T01:29:55","slug":"intercrete-4806-antes-monopour","status":"publish","type":"product","link":"https:\/\/dantepinturerias.com\/international\/producto\/intercrete-4806-antes-monopour\/","title":{"rendered":"Intercrete 4806"},"content":{"rendered":"<h3>Caracter\u00edsticas<\/h3>\n<table>\n<tr>\n<td>Qu\u00edmica del Producto<\/td>\n<td>Structural Repair Mortar<\/td>\n<\/tr>\n<tr>\n<td>Contenido VOC (m\u00e9todo EPA)<\/td>\n<td>g\/lt<\/td>\n<\/tr>\n<tr>\n<td>Opciones de Color<\/td>\n<td>Grey<\/td>\n<\/tr>\n<tr>\n<td>Espesor m\u00e1ximo de pel\u00edcula seca<\/td>\n<td>200000<\/td>\n<\/tr>\n<tr>\n<td>Espesor m\u00ednimo de pel\u00edcula seca<\/td>\n<td>50000<\/td>\n<\/tr>\n<tr>\n<td>N\u00famero de componentes<\/td>\n<td>Single Pack<\/td>\n<\/tr>\n<\/table>\n","protected":false},"excerpt":{"rendered":"<p>Dise\u00f1ado espec\u00edficamente para la reparaci\u00f3n estructural de grandes \u00e1reas de concreto y aplicaciones de servicio pesado debajo de placas base, z\u00f3calos y bases de montantes donde se requiere un material vertible o fluido. Intercrete 4806 utiliza un mecanismo de expansi\u00f3n dual que compensa la contracci\u00f3n en el estado pl\u00e1stico y endurecido y cura r\u00e1pidamente para brindar un alto desarrollo de resistencia a corto plazo y a largo plazo, lo que permite un r\u00e1pido restablecimiento. La matriz densa proporciona una excelente protecci\u00f3n contra la entrada de gases \u00e1cidos, humedad y cloruros. <a href=\"https:\/\/international.brand.akzonobel.com\/m\/2edaae59837e8ab2\/original\/Intercrete_4806_eng_A4_20190415.pdf\" target=\"_blank\" class=\"btFicha\" download rel=\"noopener\">Ver Ficha T\u00e9cnica<\/a><\/p>\n","protected":false},"featured_media":903,"template":"","meta":[],"product_cat":[24],"product_tag":[],"class_list":{"0":"post-829","1":"product","2":"type-product","3":"status-publish","4":"has-post-thumbnail","6":"product_cat-hormigon-estructural","8":"first","9":"instock","10":"purchasable","11":"product-type-simple"},"_links":{"self":[{"href":"https:\/\/dantepinturerias.com\/international\/wp-json\/wp\/v2\/product\/829","targetHints":{"allow":["GET"]}}],"collection":[{"href":"https:\/\/dantepinturerias.com\/international\/wp-json\/wp\/v2\/product"}],"about":[{"href":"https:\/\/dantepinturerias.com\/international\/wp-json\/wp\/v2\/types\/product"}],"wp:featuredmedia":[{"embeddable":true,"href":"https:\/\/dantepinturerias.com\/international\/wp-json\/wp\/v2\/media\/903"}],"wp:attachment":[{"href":"https:\/\/dantepinturerias.com\/international\/wp-json\/wp\/v2\/media?parent=829"}],"wp:term":[{"taxonomy":"product_cat","embeddable":true,"href":"https:\/\/dantepinturerias.com\/international\/wp-json\/wp\/v2\/product_cat?post=829"},{"taxonomy":"product_tag","embeddable":true,"href":"https:\/\/dantepinturerias.com\/international\/wp-json\/wp\/v2\/product_tag?post=829"}],"curies":[{"name":"wp","href":"https:\/\/api.w.org\/{rel}","templated":true}]}}