{"id":830,"date":"2024-05-11T02:08:13","date_gmt":"2024-05-11T05:08:13","guid":{"rendered":"https:\/\/dantepinturerias.com\/international\/producto\/intercrete-4808-antes-unimatch\/"},"modified":"2024-06-21T22:29:56","modified_gmt":"2024-06-22T01:29:56","slug":"intercrete-4808-antes-unimatch","status":"publish","type":"product","link":"https:\/\/dantepinturerias.com\/international\/producto\/intercrete-4808-antes-unimatch\/","title":{"rendered":"Intercrete 4808"},"content":{"rendered":"<h3>Caracter\u00edsticas<\/h3>\n<table>\n<tr>\n<td>Qu\u00edmica del Producto<\/td>\n<td>High Build Structural Repair Mortar<\/td>\n<\/tr>\n<tr>\n<td>S\u00f3lidos de Volumen<\/td>\n<td>100<\/td>\n<\/tr>\n<tr>\n<td>Contenido VOC (m\u00e9todo EPA)<\/td>\n<td>g\/lt<\/td>\n<\/tr>\n<tr>\n<td>Opciones de Color<\/td>\n<td>Grey,White<\/td>\n<\/tr>\n<tr>\n<td>Espesor m\u00e1ximo de pel\u00edcula seca<\/td>\n<td>25000<\/td>\n<\/tr>\n<tr>\n<td>Espesor m\u00ednimo de pel\u00edcula seca<\/td>\n<td>5000<\/td>\n<\/tr>\n<tr>\n<td>N\u00famero de componentes<\/td>\n<td>Single Pack<\/td>\n<\/tr>\n<\/table>\n","protected":false},"excerpt":{"rendered":"<p>Dise\u00f1ado espec\u00edficamente para reparaciones cosm\u00e9ticas r\u00e1pidas de concreto in situ y prefabricado donde las reparaciones deben coincidir con el color del concreto original para proporcionar un acabado altamente est\u00e9tico. Intercrete 4808 demuestra un r\u00e1pido desarrollo de resistencia, alcanzando m\u00e1s de 9 MPa en 2 horas. Las propiedades f\u00edsicas finales de los materiales curados son similares a las del hormig\u00f3n base. No apto para reparaciones de m\u00e1s de 25 mm de profundidad. Marcado CE de acuerdo con BS EN 1504-3 Clase R1. Adecuado para los m\u00e9todos de reparaci\u00f3n 3.1 seg\u00fan lo definido por BS EN 1504-3. <a href=\"https:\/\/international.brand.akzonobel.com\/m\/5a045935e151366d\/original\/Intercrete_4808_eng_A4_20190415.pdf\" target=\"_blank\" class=\"btFicha\" download rel=\"noopener\">Ver Ficha T\u00e9cnica<\/a><\/p>\n","protected":false},"featured_media":904,"template":"","meta":[],"product_cat":[24],"product_tag":[],"class_list":{"0":"post-830","1":"product","2":"type-product","3":"status-publish","4":"has-post-thumbnail","6":"product_cat-hormigon-estructural","8":"first","9":"instock","10":"purchasable","11":"product-type-simple"},"_links":{"self":[{"href":"https:\/\/dantepinturerias.com\/international\/wp-json\/wp\/v2\/product\/830","targetHints":{"allow":["GET"]}}],"collection":[{"href":"https:\/\/dantepinturerias.com\/international\/wp-json\/wp\/v2\/product"}],"about":[{"href":"https:\/\/dantepinturerias.com\/international\/wp-json\/wp\/v2\/types\/product"}],"wp:featuredmedia":[{"embeddable":true,"href":"https:\/\/dantepinturerias.com\/international\/wp-json\/wp\/v2\/media\/904"}],"wp:attachment":[{"href":"https:\/\/dantepinturerias.com\/international\/wp-json\/wp\/v2\/media?parent=830"}],"wp:term":[{"taxonomy":"product_cat","embeddable":true,"href":"https:\/\/dantepinturerias.com\/international\/wp-json\/wp\/v2\/product_cat?post=830"},{"taxonomy":"product_tag","embeddable":true,"href":"https:\/\/dantepinturerias.com\/international\/wp-json\/wp\/v2\/product_tag?post=830"}],"curies":[{"name":"wp","href":"https:\/\/api.w.org\/{rel}","templated":true}]}}