{"id":831,"date":"2024-05-11T02:08:13","date_gmt":"2024-05-11T05:08:13","guid":{"rendered":"https:\/\/dantepinturerias.com\/international\/producto\/intercrete-4879-antes-cemprotec-mci-2020\/"},"modified":"2024-06-21T22:29:56","modified_gmt":"2024-06-22T01:29:56","slug":"intercrete-4879-antes-cemprotec-mci-2020","status":"publish","type":"product","link":"https:\/\/dantepinturerias.com\/international\/producto\/intercrete-4879-antes-cemprotec-mci-2020\/","title":{"rendered":"Intercrete 4879"},"content":{"rendered":"<h3>Caracter\u00edsticas<\/h3>\n<table>\n<tr>\n<td>Qu\u00edmica del Producto<\/td>\n<td>Migratory Corrosion Inhibitor<\/td>\n<\/tr>\n<tr>\n<td>Contenido VOC (m\u00e9todo EPA)<\/td>\n<td>g\/lt<\/td>\n<\/tr>\n<tr>\n<td>Opciones de Color<\/td>\n<td>Clear<\/td>\n<\/tr>\n<tr>\n<td>N\u00famero de componentes<\/td>\n<td>Single Pack<\/td>\n<\/tr>\n<\/table>\n","protected":false},"excerpt":{"rendered":"<p>Dise\u00f1ado espec\u00edficamente para proteger el refuerzo de acero incrustado en estructuras de hormig\u00f3n. Debe usarse como parte del sistema de protecci\u00f3n y reparaci\u00f3n de concreto Intercrete donde se requiere protecci\u00f3n adicional, particularmente contra los efectos del ataque de cloruro. Intercrete 4879 migra incluso en el hormig\u00f3n m\u00e1s duro hacia el refuerzo de acero, donde forma una capa protectora monomolecular que ayuda a reducir la corrosi\u00f3n tanto en el \u00e1nodo como en el c\u00e1todo. Ayuda a prolongar la vida \u00fatil de las estructuras de hormig\u00f3n armado en ambientes agresivos. <a href=\"https:\/\/international.brand.akzonobel.com\/m\/1832052665b9f282\/original\/Intercrete_4879_eng_A4_20190305.pdf\" target=\"_blank\" class=\"btFicha\" download rel=\"noopener\">Ver Ficha T\u00e9cnica<\/a><\/p>\n","protected":false},"featured_media":905,"template":"","meta":[],"product_cat":[24],"product_tag":[],"class_list":{"0":"post-831","1":"product","2":"type-product","3":"status-publish","4":"has-post-thumbnail","6":"product_cat-hormigon-estructural","8":"first","9":"instock","10":"purchasable","11":"product-type-simple"},"_links":{"self":[{"href":"https:\/\/dantepinturerias.com\/international\/wp-json\/wp\/v2\/product\/831","targetHints":{"allow":["GET"]}}],"collection":[{"href":"https:\/\/dantepinturerias.com\/international\/wp-json\/wp\/v2\/product"}],"about":[{"href":"https:\/\/dantepinturerias.com\/international\/wp-json\/wp\/v2\/types\/product"}],"wp:featuredmedia":[{"embeddable":true,"href":"https:\/\/dantepinturerias.com\/international\/wp-json\/wp\/v2\/media\/905"}],"wp:attachment":[{"href":"https:\/\/dantepinturerias.com\/international\/wp-json\/wp\/v2\/media?parent=831"}],"wp:term":[{"taxonomy":"product_cat","embeddable":true,"href":"https:\/\/dantepinturerias.com\/international\/wp-json\/wp\/v2\/product_cat?post=831"},{"taxonomy":"product_tag","embeddable":true,"href":"https:\/\/dantepinturerias.com\/international\/wp-json\/wp\/v2\/product_tag?post=831"}],"curies":[{"name":"wp","href":"https:\/\/api.w.org\/{rel}","templated":true}]}}