{"id":835,"date":"2024-05-11T02:08:13","date_gmt":"2024-05-11T05:08:13","guid":{"rendered":"https:\/\/dantepinturerias.com\/international\/producto\/intercrete-4843-antes-bond-prime-s\/"},"modified":"2024-06-21T22:29:56","modified_gmt":"2024-06-22T01:29:56","slug":"intercrete-4843-2","status":"publish","type":"product","link":"https:\/\/dantepinturerias.com\/international\/producto\/intercrete-4843-2\/","title":{"rendered":"Intercrete 4843"},"content":{"rendered":"","protected":false},"excerpt":{"rendered":"<p>Un copol\u00edmero acr\u00edlico de curado r\u00e1pido, de un solo componente, a base de agua (libre de COV), modificado con un exclusivo agente reticulante epoxi emulsionado en agua y una emulsi\u00f3n de siloxano. Intercrete 4816 es inherentemente hidr\u00f3fobo y resistente a los \u00e1lcalis, lo que lo hace ideal para su aplicaci\u00f3n en una amplia gama de sustratos minerales nuevos y envejecidos. No es peligroso y se aplica con brocha, rodillo o rociador sin aire para imprimar y estabilizar las superficies antes de la aplicaci\u00f3n. de membranas especializadas Intercrete. Intercrete 4816 cura para formar una pel\u00edcula transparente con un tinte verde identificable, tanto sobre como dentro del sustrato, para proporcionar una superficie ideal para el tratamiento posterior. <a href=\"https:\/\/international.brand.akzonobel.com\/m\/1d6137b95b90d2ff\/original\/Intercrete_4843_eng_A4_20190415.pdf\" target=\"_blank\" class=\"btFicha\" download rel=\"noopener\">Ver Ficha T\u00e9cnica<\/a><\/p>\n","protected":false},"featured_media":813,"template":"","meta":[],"product_cat":[24],"product_tag":[],"class_list":{"0":"post-835","1":"product","2":"type-product","3":"status-publish","4":"has-post-thumbnail","6":"product_cat-hormigon-estructural","8":"first","9":"instock","10":"purchasable","11":"product-type-simple"},"_links":{"self":[{"href":"https:\/\/dantepinturerias.com\/international\/wp-json\/wp\/v2\/product\/835","targetHints":{"allow":["GET"]}}],"collection":[{"href":"https:\/\/dantepinturerias.com\/international\/wp-json\/wp\/v2\/product"}],"about":[{"href":"https:\/\/dantepinturerias.com\/international\/wp-json\/wp\/v2\/types\/product"}],"wp:featuredmedia":[{"embeddable":true,"href":"https:\/\/dantepinturerias.com\/international\/wp-json\/wp\/v2\/media\/813"}],"wp:attachment":[{"href":"https:\/\/dantepinturerias.com\/international\/wp-json\/wp\/v2\/media?parent=835"}],"wp:term":[{"taxonomy":"product_cat","embeddable":true,"href":"https:\/\/dantepinturerias.com\/international\/wp-json\/wp\/v2\/product_cat?post=835"},{"taxonomy":"product_tag","embeddable":true,"href":"https:\/\/dantepinturerias.com\/international\/wp-json\/wp\/v2\/product_tag?post=835"}],"curies":[{"name":"wp","href":"https:\/\/api.w.org\/{rel}","templated":true}]}}