{"id":838,"date":"2024-05-10T17:39:34","date_gmt":"2024-05-10T20:39:34","guid":{"rendered":"https:\/\/dantepinturerias.com\/international\/producto\/interzone-954gf\/"},"modified":"2024-06-21T22:30:24","modified_gmt":"2024-06-22T01:30:24","slug":"interzone-954gf","status":"publish","type":"product","link":"https:\/\/dantepinturerias.com\/international\/producto\/interzone-954gf\/","title":{"rendered":"Interzone 954GF"},"content":{"rendered":"<h3>Caracter\u00edsticas<\/h3>\n<table>\n<tr>\n<td>Qu\u00edmica del Producto<\/td>\n<td>Modified Epoxy<\/td>\n<\/tr>\n<tr>\n<td>S\u00f3lidos de Volumen<\/td>\n<td>85<\/td>\n<\/tr>\n<tr>\n<td>Contenido VOC (m\u00e9todo EPA)<\/td>\n<td>225 g\/lt<\/td>\n<\/tr>\n<tr>\n<td>Opciones de Color<\/td>\n<td>Limited range<\/td>\n<\/tr>\n<tr>\n<td>Espesor m\u00e1ximo de pel\u00edcula seca<\/td>\n<td>500<\/td>\n<\/tr>\n<tr>\n<td>Espesor m\u00ednimo de pel\u00edcula seca<\/td>\n<td>200<\/td>\n<\/tr>\n<tr>\n<td>N\u00famero de componentes<\/td>\n<td>Multi Pack<\/td>\n<\/tr>\n<\/table>\n","protected":false},"excerpt":{"rendered":"<p>una capa de barrera ep\u00f3xica con alto contenido de s\u00f3lidos y bajo VOC, reforzada con escamas de vidrio laminar de alta relaci\u00f3n de aspecto qu\u00edmicamente resistente para mayor durabilidad, protecci\u00f3n contra la abrasi\u00f3n y la corrosi\u00f3n con un excelente rendimiento de desuni\u00f3n cat\u00f3dica. <a href=\"https:\/\/international.brand.akzonobel.com\/m\/6dd56ba54ee65f7a\/original\/Interzone_954GF_spa_usa_LTR_20231212.pdf\" target=\"_blank\" class=\"btFicha\" download rel=\"noopener\">Ver Ficha T\u00e9cnica<\/a><\/p>\n","protected":false},"featured_media":839,"template":"","meta":[],"product_cat":[25],"product_tag":[],"class_list":{"0":"post-838","1":"product","2":"type-product","3":"status-publish","4":"has-post-thumbnail","6":"product_cat-submarino-resistente-a-la-abrasion-y-salpicaduras","8":"first","9":"instock","10":"purchasable","11":"product-type-simple"},"_links":{"self":[{"href":"https:\/\/dantepinturerias.com\/international\/wp-json\/wp\/v2\/product\/838","targetHints":{"allow":["GET"]}}],"collection":[{"href":"https:\/\/dantepinturerias.com\/international\/wp-json\/wp\/v2\/product"}],"about":[{"href":"https:\/\/dantepinturerias.com\/international\/wp-json\/wp\/v2\/types\/product"}],"wp:featuredmedia":[{"embeddable":true,"href":"https:\/\/dantepinturerias.com\/international\/wp-json\/wp\/v2\/media\/839"}],"wp:attachment":[{"href":"https:\/\/dantepinturerias.com\/international\/wp-json\/wp\/v2\/media?parent=838"}],"wp:term":[{"taxonomy":"product_cat","embeddable":true,"href":"https:\/\/dantepinturerias.com\/international\/wp-json\/wp\/v2\/product_cat?post=838"},{"taxonomy":"product_tag","embeddable":true,"href":"https:\/\/dantepinturerias.com\/international\/wp-json\/wp\/v2\/product_tag?post=838"}],"curies":[{"name":"wp","href":"https:\/\/api.w.org\/{rel}","templated":true}]}}