{"id":842,"date":"2024-05-10T17:40:05","date_gmt":"2024-05-10T20:40:05","guid":{"rendered":"https:\/\/dantepinturerias.com\/international\/producto\/interzone-954\/"},"modified":"2024-06-21T22:30:23","modified_gmt":"2024-06-22T01:30:23","slug":"interzone-954","status":"publish","type":"product","link":"https:\/\/dantepinturerias.com\/international\/producto\/interzone-954\/","title":{"rendered":"Interzone 954"},"content":{"rendered":"<h3>Caracter\u00edsticas<\/h3>\n<table>\n<tr>\n<td>Qu\u00edmica del Producto<\/td>\n<td>Modified Epoxy<\/td>\n<\/tr>\n<tr>\n<td>S\u00f3lidos de Volumen<\/td>\n<td>85<\/td>\n<\/tr>\n<tr>\n<td>Contenido VOC (m\u00e9todo EPA)<\/td>\n<td>225 g\/lt<\/td>\n<\/tr>\n<tr>\n<td>Opciones de Color<\/td>\n<td>Disponible en Chromascan<\/td>\n<\/tr>\n<tr>\n<td>Espesor m\u00e1ximo de pel\u00edcula seca<\/td>\n<td>500<\/td>\n<\/tr>\n<tr>\n<td>Espesor m\u00ednimo de pel\u00edcula seca<\/td>\n<td>250<\/td>\n<\/tr>\n<tr>\n<td>N\u00famero de componentes<\/td>\n<td>Multi Pack<\/td>\n<\/tr>\n<\/table>\n","protected":false},"excerpt":{"rendered":"<p>Con una extensa trayectoria global que abarca m\u00e1s de 25 a\u00f1os, Interzone 954 es un epoxi modificado de dos componentes con alto contenido de s\u00f3lidos, ideal para proteger y mantener estructuras de acero en los ambientes m\u00e1s severos. Particularmente adecuado para situaciones de mantenimiento, Interzone 954 est\u00e1 dise\u00f1ado para brindar protecci\u00f3n contra la abrasi\u00f3n y la corrosi\u00f3n a largo plazo en una aplicaci\u00f3n de una sola capa y continuar\u00e1 curando cuando se sumerja en agua. Interzone 954 tambi\u00e9n se puede utilizar como revestimiento para terrazas con el agregado adecuado. <a href=\"https:\/\/international.brand.akzonobel.com\/m\/1fa793c6b0e4da6f\/original\/Interzone_954_spa_A4_20231212.pdf\" target=\"_blank\" class=\"btFicha\" download rel=\"noopener\">Ver Ficha T\u00e9cnica<\/a><\/p>\n","protected":false},"featured_media":843,"template":"","meta":[],"product_cat":[25],"product_tag":[],"class_list":{"0":"post-842","1":"product","2":"type-product","3":"status-publish","4":"has-post-thumbnail","6":"product_cat-submarino-resistente-a-la-abrasion-y-salpicaduras","8":"first","9":"instock","10":"purchasable","11":"product-type-simple"},"_links":{"self":[{"href":"https:\/\/dantepinturerias.com\/international\/wp-json\/wp\/v2\/product\/842","targetHints":{"allow":["GET"]}}],"collection":[{"href":"https:\/\/dantepinturerias.com\/international\/wp-json\/wp\/v2\/product"}],"about":[{"href":"https:\/\/dantepinturerias.com\/international\/wp-json\/wp\/v2\/types\/product"}],"wp:featuredmedia":[{"embeddable":true,"href":"https:\/\/dantepinturerias.com\/international\/wp-json\/wp\/v2\/media\/843"}],"wp:attachment":[{"href":"https:\/\/dantepinturerias.com\/international\/wp-json\/wp\/v2\/media?parent=842"}],"wp:term":[{"taxonomy":"product_cat","embeddable":true,"href":"https:\/\/dantepinturerias.com\/international\/wp-json\/wp\/v2\/product_cat?post=842"},{"taxonomy":"product_tag","embeddable":true,"href":"https:\/\/dantepinturerias.com\/international\/wp-json\/wp\/v2\/product_tag?post=842"}],"curies":[{"name":"wp","href":"https:\/\/api.w.org\/{rel}","templated":true}]}}