{"id":844,"date":"2024-05-10T17:40:05","date_gmt":"2024-05-10T20:40:05","guid":{"rendered":"https:\/\/dantepinturerias.com\/international\/producto\/intershield-300\/"},"modified":"2024-06-21T22:30:23","modified_gmt":"2024-06-22T01:30:23","slug":"intershield-300","status":"publish","type":"product","link":"https:\/\/dantepinturerias.com\/international\/producto\/intershield-300\/","title":{"rendered":"Intershield 300"},"content":{"rendered":"<h3>Caracter\u00edsticas<\/h3>\n<table>\n<tr>\n<td>Qu\u00edmica del Producto<\/td>\n<td>Epoxy<\/td>\n<\/tr>\n<tr>\n<td>S\u00f3lidos de Volumen<\/td>\n<td>60<\/td>\n<\/tr>\n<tr>\n<td>Contenido VOC (m\u00e9todo EPA)<\/td>\n<td>386 g\/lt<\/td>\n<\/tr>\n<tr>\n<td>Opciones de Color<\/td>\n<td>Bronze,Aluminium<\/td>\n<\/tr>\n<tr>\n<td>Espesor m\u00e1ximo de pel\u00edcula seca<\/td>\n<td>200<\/td>\n<\/tr>\n<tr>\n<td>Espesor m\u00ednimo de pel\u00edcula seca<\/td>\n<td>100<\/td>\n<\/tr>\n<tr>\n<td>N\u00famero de componentes<\/td>\n<td>Multi Pack<\/td>\n<\/tr>\n<\/table>\n","protected":false},"excerpt":{"rendered":"<p>Una de las soluciones m\u00e1s confiables de la industria costa afuera con casi 30 a\u00f1os de trayectoria, Intershield 300 es un recubrimiento ep\u00f3xico puro pigmentado de aluminio resistente a la abrasi\u00f3n de dos componentes que proporciona una excelente protecci\u00f3n anticorrosiva a largo plazo. Intershield 300, que cura hasta -20 \u00b0C (-4 \u00b0F), es una soluci\u00f3n para todo el a\u00f1o para proyectos de nueva construcci\u00f3n y mantenimiento. Como imprimaci\u00f3n universal, Intershield 300 se puede utilizar, entre otras, en aplicaciones atmosf\u00e9ricas, sumergidas, en cubiertas y en tanques. <a href=\"https:\/\/international.brand.akzonobel.com\/m\/4b3b30fd8c71dcba\/original\/Intershield_300_spa_A4_20220329.pdf\" target=\"_blank\" class=\"btFicha\" download rel=\"noopener\">Ver Ficha T\u00e9cnica<\/a><\/p>\n","protected":false},"featured_media":845,"template":"","meta":[],"product_cat":[25],"product_tag":[],"class_list":{"0":"post-844","1":"product","2":"type-product","3":"status-publish","4":"has-post-thumbnail","6":"product_cat-submarino-resistente-a-la-abrasion-y-salpicaduras","8":"first","9":"instock","10":"purchasable","11":"product-type-simple"},"_links":{"self":[{"href":"https:\/\/dantepinturerias.com\/international\/wp-json\/wp\/v2\/product\/844","targetHints":{"allow":["GET"]}}],"collection":[{"href":"https:\/\/dantepinturerias.com\/international\/wp-json\/wp\/v2\/product"}],"about":[{"href":"https:\/\/dantepinturerias.com\/international\/wp-json\/wp\/v2\/types\/product"}],"wp:featuredmedia":[{"embeddable":true,"href":"https:\/\/dantepinturerias.com\/international\/wp-json\/wp\/v2\/media\/845"}],"wp:attachment":[{"href":"https:\/\/dantepinturerias.com\/international\/wp-json\/wp\/v2\/media?parent=844"}],"wp:term":[{"taxonomy":"product_cat","embeddable":true,"href":"https:\/\/dantepinturerias.com\/international\/wp-json\/wp\/v2\/product_cat?post=844"},{"taxonomy":"product_tag","embeddable":true,"href":"https:\/\/dantepinturerias.com\/international\/wp-json\/wp\/v2\/product_tag?post=844"}],"curies":[{"name":"wp","href":"https:\/\/api.w.org\/{rel}","templated":true}]}}