{"id":850,"date":"2024-05-10T17:40:30","date_gmt":"2024-05-10T20:40:30","guid":{"rendered":"https:\/\/dantepinturerias.com\/international\/producto\/intertherm-715\/"},"modified":"2024-06-21T22:30:21","modified_gmt":"2024-06-22T01:30:21","slug":"intertherm-715","status":"publish","type":"product","link":"https:\/\/dantepinturerias.com\/international\/producto\/intertherm-715\/","title":{"rendered":"Intertherm 715"},"content":{"rendered":"<h3>Caracter\u00edsticas<\/h3>\n<table>\n<tr>\n<td>Qu\u00edmica del Producto<\/td>\n<td>Modified Silicone<\/td>\n<\/tr>\n<tr>\n<td>S\u00f3lidos de Volumen<\/td>\n<td>42<\/td>\n<\/tr>\n<tr>\n<td>Contenido VOC (m\u00e9todo EPA)<\/td>\n<td>550 g\/lt<\/td>\n<\/tr>\n<tr>\n<td>Opciones de Color<\/td>\n<td>Green (at ambient temperature)<\/td>\n<\/tr>\n<tr>\n<td>Espesor m\u00e1ximo de pel\u00edcula seca<\/td>\n<td>25<\/td>\n<\/tr>\n<tr>\n<td>Espesor m\u00ednimo de pel\u00edcula seca<\/td>\n<td>25<\/td>\n<\/tr>\n<tr>\n<td>N\u00famero de componentes<\/td>\n<td>Single Pack<\/td>\n<\/tr>\n<\/table>\n","protected":false},"excerpt":{"rendered":"<p>Un recubrimiento funcional para la identificaci\u00f3n de puntos calientes y fallas de aislamiento interno, Intertherm 715 exhibe un cambio de color visual en respuesta al aumento de temperatura. Basado en tecnolog\u00eda de silicona modificada, Intertherm 715 es un recubrimiento de un solo componente ideal para usar en recipientes de reacci\u00f3n en sitios qu\u00edmicos y petroqu\u00edmicos como advertencia de aumentos peligrosos de temperatura. <a href=\"https:\/\/international.brand.akzonobel.com\/m\/4395f35a3f88eb3f\/original\/Intertherm_715_spa_usa_LTR_20150205.pdf\" target=\"_blank\" class=\"btFicha\" download rel=\"noopener\">Ver Ficha T\u00e9cnica<\/a><\/p>\n","protected":false},"featured_media":851,"template":"","meta":[],"product_cat":[26],"product_tag":[],"class_list":{"0":"post-850","1":"product","2":"type-product","3":"status-publish","4":"has-post-thumbnail","6":"product_cat-resistencia-a-la-temperatura","8":"first","9":"instock","10":"purchasable","11":"product-type-simple"},"_links":{"self":[{"href":"https:\/\/dantepinturerias.com\/international\/wp-json\/wp\/v2\/product\/850","targetHints":{"allow":["GET"]}}],"collection":[{"href":"https:\/\/dantepinturerias.com\/international\/wp-json\/wp\/v2\/product"}],"about":[{"href":"https:\/\/dantepinturerias.com\/international\/wp-json\/wp\/v2\/types\/product"}],"wp:featuredmedia":[{"embeddable":true,"href":"https:\/\/dantepinturerias.com\/international\/wp-json\/wp\/v2\/media\/851"}],"wp:attachment":[{"href":"https:\/\/dantepinturerias.com\/international\/wp-json\/wp\/v2\/media?parent=850"}],"wp:term":[{"taxonomy":"product_cat","embeddable":true,"href":"https:\/\/dantepinturerias.com\/international\/wp-json\/wp\/v2\/product_cat?post=850"},{"taxonomy":"product_tag","embeddable":true,"href":"https:\/\/dantepinturerias.com\/international\/wp-json\/wp\/v2\/product_tag?post=850"}],"curies":[{"name":"wp","href":"https:\/\/api.w.org\/{rel}","templated":true}]}}