{"id":854,"date":"2024-05-10T17:40:30","date_gmt":"2024-05-10T20:40:30","guid":{"rendered":"https:\/\/dantepinturerias.com\/international\/producto\/intertherm-3350\/"},"modified":"2024-06-21T22:30:22","modified_gmt":"2024-06-22T01:30:22","slug":"intertherm-3350","status":"publish","type":"product","link":"https:\/\/dantepinturerias.com\/international\/producto\/intertherm-3350\/","title":{"rendered":"Intertherm 3350"},"content":{"rendered":"<h3>Caracter\u00edsticas<\/h3>\n<table>\n<tr>\n<td>Qu\u00edmica del Producto<\/td>\n<td>Acrylic Insulation Coating<\/td>\n<\/tr>\n<tr>\n<td>S\u00f3lidos de Volumen<\/td>\n<td>78<\/td>\n<\/tr>\n<tr>\n<td>Contenido VOC (m\u00e9todo EPA)<\/td>\n<td>10 g\/lt<\/td>\n<\/tr>\n<tr>\n<td>Opciones de Color<\/td>\n<td>White,Grey<\/td>\n<\/tr>\n<tr>\n<td>Espesor m\u00e1ximo de pel\u00edcula seca<\/td>\n<td>500<\/td>\n<\/tr>\n<tr>\n<td>Espesor m\u00ednimo de pel\u00edcula seca<\/td>\n<td>400<\/td>\n<\/tr>\n<tr>\n<td>N\u00famero de componentes<\/td>\n<td>Single Pack<\/td>\n<\/tr>\n<tr>\n<td>Attributes<\/td>\n<td>Solvent Free<\/td>\n<\/tr>\n<\/table>\n","protected":false},"excerpt":{"rendered":"<p>Intertherm 3350, un revestimiento aislante de un solo componente aplicado por pulverizaci\u00f3n basado en tecnolog\u00eda acr\u00edlica a base de agua, es adecuado para su uso en sustratos que funcionan hasta 177 \u00b0C (350 \u00b0F). Al combinar un rendimiento superior de aislamiento de pel\u00edcula delgada con una f\u00e1cil aplicaci\u00f3n, Intertherm 3350 puede mejorar la productividad y minimizar la p\u00e9rdida de energ\u00eda. Cuando sea adecuado, Intertherm 3350 proporciona una pel\u00edcula aislante adherente sin costuras que permite eliminar equipos de un programa de inspecci\u00f3n de corrosi\u00f3n bajo aislamiento (CUI) y mitigar la exposici\u00f3n general a CUI de una instalaci\u00f3n. <a href=\"https:\/\/international.brand.akzonobel.com\/m\/5ef1b3d45d00af82\/original\/Intertherm_3350_eng_A4_20191113.pdf\" target=\"_blank\" class=\"btFicha\" download rel=\"noopener\">Ver Ficha T\u00e9cnica<\/a><\/p>\n","protected":false},"featured_media":855,"template":"","meta":[],"product_cat":[26],"product_tag":[],"class_list":{"0":"post-854","1":"product","2":"type-product","3":"status-publish","4":"has-post-thumbnail","6":"product_cat-resistencia-a-la-temperatura","8":"first","9":"instock","10":"purchasable","11":"product-type-simple"},"_links":{"self":[{"href":"https:\/\/dantepinturerias.com\/international\/wp-json\/wp\/v2\/product\/854","targetHints":{"allow":["GET"]}}],"collection":[{"href":"https:\/\/dantepinturerias.com\/international\/wp-json\/wp\/v2\/product"}],"about":[{"href":"https:\/\/dantepinturerias.com\/international\/wp-json\/wp\/v2\/types\/product"}],"wp:featuredmedia":[{"embeddable":true,"href":"https:\/\/dantepinturerias.com\/international\/wp-json\/wp\/v2\/media\/855"}],"wp:attachment":[{"href":"https:\/\/dantepinturerias.com\/international\/wp-json\/wp\/v2\/media?parent=854"}],"wp:term":[{"taxonomy":"product_cat","embeddable":true,"href":"https:\/\/dantepinturerias.com\/international\/wp-json\/wp\/v2\/product_cat?post=854"},{"taxonomy":"product_tag","embeddable":true,"href":"https:\/\/dantepinturerias.com\/international\/wp-json\/wp\/v2\/product_tag?post=854"}],"curies":[{"name":"wp","href":"https:\/\/api.w.org\/{rel}","templated":true}]}}