{"id":856,"date":"2024-05-10T17:40:30","date_gmt":"2024-05-10T20:40:30","guid":{"rendered":"https:\/\/dantepinturerias.com\/international\/producto\/intertherm-2205\/"},"modified":"2024-06-21T22:30:22","modified_gmt":"2024-06-22T01:30:22","slug":"intertherm-2205","status":"publish","type":"product","link":"https:\/\/dantepinturerias.com\/international\/producto\/intertherm-2205\/","title":{"rendered":"Intertherm 2205"},"content":{"rendered":"<h3>Caracter\u00edsticas<\/h3>\n<table>\n<tr>\n<td>Qu\u00edmica del Producto<\/td>\n<td>Hot Spread Epoxy<\/td>\n<\/tr>\n<tr>\n<td>S\u00f3lidos de Volumen<\/td>\n<td>85<\/td>\n<\/tr>\n<tr>\n<td>Contenido VOC (m\u00e9todo EPA)<\/td>\n<td>97 g\/lt<\/td>\n<\/tr>\n<tr>\n<td>Opciones de Color<\/td>\n<td>Aluminium<\/td>\n<\/tr>\n<tr>\n<td>Espesor m\u00e1ximo de pel\u00edcula seca<\/td>\n<td>200<\/td>\n<\/tr>\n<tr>\n<td>Espesor m\u00ednimo de pel\u00edcula seca<\/td>\n<td>100<\/td>\n<\/tr>\n<tr>\n<td>N\u00famero de componentes<\/td>\n<td>Multi Pack<\/td>\n<\/tr>\n<\/table>\n","protected":false},"excerpt":{"rendered":"<p>Intertherm 2205 es un recubrimiento de mantenimiento resistente a la temperatura especializado, dise\u00f1ado para resistir la corrosi\u00f3n bajo aislamiento (CUI) y altas temperaturas de hasta 230 \u00b0C (446 \u00b0F). Basado en la innovadora tecnolog\u00eda ep\u00f3xica de aplicaci\u00f3n en caliente, Intertherm 2205 muestra excelentes caracter\u00edsticas de aplicaci\u00f3n y se puede aplicar con brocha sobre acero caliente preparado a mano hasta 205 \u00b0C (401 \u00b0F). <a href=\"https:\/\/international.brand.akzonobel.com\/m\/63f6a751fb65709d\/original\/Intertherm_2205_spa_A4_20210702.pdf\" target=\"_blank\" class=\"btFicha\" download rel=\"noopener\">Ver Ficha T\u00e9cnica<\/a><\/p>\n","protected":false},"featured_media":857,"template":"","meta":[],"product_cat":[26],"product_tag":[],"class_list":{"0":"post-856","1":"product","2":"type-product","3":"status-publish","4":"has-post-thumbnail","6":"product_cat-resistencia-a-la-temperatura","8":"first","9":"instock","10":"purchasable","11":"product-type-simple"},"_links":{"self":[{"href":"https:\/\/dantepinturerias.com\/international\/wp-json\/wp\/v2\/product\/856","targetHints":{"allow":["GET"]}}],"collection":[{"href":"https:\/\/dantepinturerias.com\/international\/wp-json\/wp\/v2\/product"}],"about":[{"href":"https:\/\/dantepinturerias.com\/international\/wp-json\/wp\/v2\/types\/product"}],"wp:featuredmedia":[{"embeddable":true,"href":"https:\/\/dantepinturerias.com\/international\/wp-json\/wp\/v2\/media\/857"}],"wp:attachment":[{"href":"https:\/\/dantepinturerias.com\/international\/wp-json\/wp\/v2\/media?parent=856"}],"wp:term":[{"taxonomy":"product_cat","embeddable":true,"href":"https:\/\/dantepinturerias.com\/international\/wp-json\/wp\/v2\/product_cat?post=856"},{"taxonomy":"product_tag","embeddable":true,"href":"https:\/\/dantepinturerias.com\/international\/wp-json\/wp\/v2\/product_tag?post=856"}],"curies":[{"name":"wp","href":"https:\/\/api.w.org\/{rel}","templated":true}]}}