{"id":860,"date":"2024-05-10T17:41:14","date_gmt":"2024-05-10T20:41:14","guid":{"rendered":"https:\/\/dantepinturerias.com\/international\/producto\/intertherm-3070\/"},"modified":"2024-06-21T22:30:20","modified_gmt":"2024-06-22T01:30:20","slug":"intertherm-3070","status":"publish","type":"product","link":"https:\/\/dantepinturerias.com\/international\/producto\/intertherm-3070\/","title":{"rendered":"Intertherm 3070"},"content":{"rendered":"","protected":false},"excerpt":{"rendered":"<p>Dise\u00f1ado espec\u00edficamente para el mercado submarino, Intertherm 3070 es una novolaca epoxi fen\u00f3lica de dos componentes con excelente resistencia a altas temperaturas y compatibilidad con protecci\u00f3n cat\u00f3dica. <a href=\"https:\/\/international.brand.akzonobel.com\/m\/2bf8973b5ca99ab7\/original\/Intertherm_3070_eng_A4_20150907.pdf\" target=\"_blank\" class=\"btFicha\" download rel=\"noopener\">Ver Ficha T\u00e9cnica<\/a><\/p>\n","protected":false},"featured_media":861,"template":"","meta":[],"product_cat":[26],"product_tag":[],"class_list":{"0":"post-860","1":"product","2":"type-product","3":"status-publish","4":"has-post-thumbnail","6":"product_cat-resistencia-a-la-temperatura","8":"first","9":"instock","10":"purchasable","11":"product-type-simple"},"_links":{"self":[{"href":"https:\/\/dantepinturerias.com\/international\/wp-json\/wp\/v2\/product\/860","targetHints":{"allow":["GET"]}}],"collection":[{"href":"https:\/\/dantepinturerias.com\/international\/wp-json\/wp\/v2\/product"}],"about":[{"href":"https:\/\/dantepinturerias.com\/international\/wp-json\/wp\/v2\/types\/product"}],"wp:featuredmedia":[{"embeddable":true,"href":"https:\/\/dantepinturerias.com\/international\/wp-json\/wp\/v2\/media\/861"}],"wp:attachment":[{"href":"https:\/\/dantepinturerias.com\/international\/wp-json\/wp\/v2\/media?parent=860"}],"wp:term":[{"taxonomy":"product_cat","embeddable":true,"href":"https:\/\/dantepinturerias.com\/international\/wp-json\/wp\/v2\/product_cat?post=860"},{"taxonomy":"product_tag","embeddable":true,"href":"https:\/\/dantepinturerias.com\/international\/wp-json\/wp\/v2\/product_tag?post=860"}],"curies":[{"name":"wp","href":"https:\/\/api.w.org\/{rel}","templated":true}]}}