{"id":864,"date":"2024-05-10T17:41:14","date_gmt":"2024-05-10T20:41:14","guid":{"rendered":"https:\/\/dantepinturerias.com\/international\/producto\/intertherm-228hs\/"},"modified":"2024-06-21T22:30:21","modified_gmt":"2024-06-22T01:30:21","slug":"intertherm-228hs","status":"publish","type":"product","link":"https:\/\/dantepinturerias.com\/international\/producto\/intertherm-228hs\/","title":{"rendered":"Intertherm 228HS"},"content":{"rendered":"<h3>Caracter\u00edsticas<\/h3>\n<table>\n<tr>\n<td>Qu\u00edmica del Producto<\/td>\n<td>Epoxy Phenolic<\/td>\n<\/tr>\n<tr>\n<td>S\u00f3lidos de Volumen<\/td>\n<td>70<\/td>\n<\/tr>\n<tr>\n<td>Contenido VOC (m\u00e9todo EPA)<\/td>\n<td>265 g\/lt<\/td>\n<\/tr>\n<tr>\n<td>Opciones de Color<\/td>\n<td>Limited range<\/td>\n<\/tr>\n<tr>\n<td>Espesor m\u00e1ximo de pel\u00edcula seca<\/td>\n<td>150<\/td>\n<\/tr>\n<tr>\n<td>Espesor m\u00ednimo de pel\u00edcula seca<\/td>\n<td>100<\/td>\n<\/tr>\n<tr>\n<td>N\u00famero de componentes<\/td>\n<td>Multi Pack<\/td>\n<\/tr>\n<\/table>\n","protected":false},"excerpt":{"rendered":"<p>Intertherm 228HS, un recubrimiento ep\u00f3xico fen\u00f3lico de alto espesor, altamente reticulado, de dos componentes, combina propiedades de corrosi\u00f3n y resistencia qu\u00edmica cuando se utiliza en servicios a altas temperaturas. Basado en la tecnolog\u00eda de resina novolac, Intertherm 228HS se puede utilizar en una amplia gama de entornos altamente corrosivos que funcionan a temperaturas de hasta 230 \u00b0C (446 \u00b0F). <a href=\"https:\/\/international.brand.akzonobel.com\/m\/2ffbc8684dee2376\/original\/Intertherm_228HS_spa_usa_LTR_20150331.pdf\" target=\"_blank\" class=\"btFicha\" download rel=\"noopener\">Ver Ficha T\u00e9cnica<\/a><\/p>\n","protected":false},"featured_media":865,"template":"","meta":[],"product_cat":[26],"product_tag":[],"class_list":{"0":"post-864","1":"product","2":"type-product","3":"status-publish","4":"has-post-thumbnail","6":"product_cat-resistencia-a-la-temperatura","8":"first","9":"instock","10":"purchasable","11":"product-type-simple"},"_links":{"self":[{"href":"https:\/\/dantepinturerias.com\/international\/wp-json\/wp\/v2\/product\/864","targetHints":{"allow":["GET"]}}],"collection":[{"href":"https:\/\/dantepinturerias.com\/international\/wp-json\/wp\/v2\/product"}],"about":[{"href":"https:\/\/dantepinturerias.com\/international\/wp-json\/wp\/v2\/types\/product"}],"wp:featuredmedia":[{"embeddable":true,"href":"https:\/\/dantepinturerias.com\/international\/wp-json\/wp\/v2\/media\/865"}],"wp:attachment":[{"href":"https:\/\/dantepinturerias.com\/international\/wp-json\/wp\/v2\/media?parent=864"}],"wp:term":[{"taxonomy":"product_cat","embeddable":true,"href":"https:\/\/dantepinturerias.com\/international\/wp-json\/wp\/v2\/product_cat?post=864"},{"taxonomy":"product_tag","embeddable":true,"href":"https:\/\/dantepinturerias.com\/international\/wp-json\/wp\/v2\/product_tag?post=864"}],"curies":[{"name":"wp","href":"https:\/\/api.w.org\/{rel}","templated":true}]}}