{"id":870,"date":"2024-05-10T17:41:48","date_gmt":"2024-05-10T20:41:48","guid":{"rendered":"https:\/\/dantepinturerias.com\/international\/producto\/intertherm-751csa\/"},"modified":"2024-06-21T22:30:20","modified_gmt":"2024-06-22T01:30:20","slug":"intertherm-751csa","status":"publish","type":"product","link":"https:\/\/dantepinturerias.com\/international\/producto\/intertherm-751csa\/","title":{"rendered":"Intertherm 751CSA"},"content":{"rendered":"<h3>Caracter\u00edsticas<\/h3>\n<table>\n<tr>\n<td>Qu\u00edmica del Producto<\/td>\n<td>Heat Resistant Cold Spray Aluminium<\/td>\n<\/tr>\n<tr>\n<td>S\u00f3lidos de Volumen<\/td>\n<td>61<\/td>\n<\/tr>\n<tr>\n<td>Contenido VOC (m\u00e9todo EPA)<\/td>\n<td>420 g\/lt<\/td>\n<\/tr>\n<tr>\n<td>Opciones de Color<\/td>\n<td>Aluminium<\/td>\n<\/tr>\n<tr>\n<td>Espesor m\u00e1ximo de pel\u00edcula seca<\/td>\n<td>200<\/td>\n<\/tr>\n<tr>\n<td>Espesor m\u00ednimo de pel\u00edcula seca<\/td>\n<td>100<\/td>\n<\/tr>\n<tr>\n<td>N\u00famero de componentes<\/td>\n<td>Multi Pack<\/td>\n<\/tr>\n<\/table>\n","protected":false},"excerpt":{"rendered":"<p>Intertherm 751CSA, un revestimiento innovador, de alto espesor y aplicado mediante \u00abpulverizaci\u00f3n en fr\u00edo\u00bb, se basa en la tecnolog\u00eda de copol\u00edmeros inorg\u00e1nicos modificados con titanio. Capaz de brindar protecci\u00f3n contra la corrosi\u00f3n, Intertherm 751CSA es un recubrimiento de alto rendimiento que se aplica utilizando equipos de aplicaci\u00f3n est\u00e1ndar y cura eficazmente a temperatura ambiente. Adecuado para acero que funciona a temperaturas entre -196 \u00b0C (-321 \u00b0F) y 650 \u00b0C (1202 \u00b0F), Intertherm 751CSA no requiere curado t\u00e9rmico adicional antes de ser puesto en servicio. <a href=\"https:\/\/international.brand.akzonobel.com\/m\/24464d639eb17f92\/original\/Intertherm_751CSA_spa_usa_LTR_20221020.pdf\" target=\"_blank\" class=\"btFicha\" download rel=\"noopener\">Ver Ficha T\u00e9cnica<\/a><\/p>\n","protected":false},"featured_media":871,"template":"","meta":[],"product_cat":[26],"product_tag":[],"class_list":{"0":"post-870","1":"product","2":"type-product","3":"status-publish","4":"has-post-thumbnail","6":"product_cat-resistencia-a-la-temperatura","8":"first","9":"instock","10":"purchasable","11":"product-type-simple"},"_links":{"self":[{"href":"https:\/\/dantepinturerias.com\/international\/wp-json\/wp\/v2\/product\/870","targetHints":{"allow":["GET"]}}],"collection":[{"href":"https:\/\/dantepinturerias.com\/international\/wp-json\/wp\/v2\/product"}],"about":[{"href":"https:\/\/dantepinturerias.com\/international\/wp-json\/wp\/v2\/types\/product"}],"wp:featuredmedia":[{"embeddable":true,"href":"https:\/\/dantepinturerias.com\/international\/wp-json\/wp\/v2\/media\/871"}],"wp:attachment":[{"href":"https:\/\/dantepinturerias.com\/international\/wp-json\/wp\/v2\/media?parent=870"}],"wp:term":[{"taxonomy":"product_cat","embeddable":true,"href":"https:\/\/dantepinturerias.com\/international\/wp-json\/wp\/v2\/product_cat?post=870"},{"taxonomy":"product_tag","embeddable":true,"href":"https:\/\/dantepinturerias.com\/international\/wp-json\/wp\/v2\/product_tag?post=870"}],"curies":[{"name":"wp","href":"https:\/\/api.w.org\/{rel}","templated":true}]}}